{"id":1275,"date":"2020-09-02T11:15:21","date_gmt":"2020-09-02T09:15:21","guid":{"rendered":"https:\/\/business.explorit.ch\/contact\/"},"modified":"2025-10-14T13:58:43","modified_gmt":"2025-10-14T11:58:43","slug":"contact","status":"publish","type":"page","link":"https:\/\/business.explorit.ch\/en\/contact\/","title":{"rendered":"Contact us"},"content":{"rendered":"\n\n\t\t<h2>\n\t\t\tAvailable area\n\t\t<\/h2>\n\t\t\t<p><strong>Do you have any questions or need additional information? Use the form below to contact us! <\/strong><\/p>\t\t\n\t<!-- Begin Brevo Form -->\n<!-- START - We recommend to place the below code in head tag of your website html  -->\n<style>\n  @font-face {\n    font-display: block;\n    font-family: Roboto;\n    src: url(https:\/\/assets.brevo.com\/font\/Roboto\/Latin\/normal\/normal\/7529907e9eaf8ebb5220c5f9850e3811.woff2) format(\"woff2\"), url(https:\/\/assets.brevo.com\/font\/Roboto\/Latin\/normal\/normal\/25c678feafdc175a70922a116c9be3e7.woff) format(\"woff\")\n  }\n  @font-face {\n    font-display: fallback;\n    font-family: Roboto;\n    font-weight: 600;\n    src: url(https:\/\/assets.brevo.com\/font\/Roboto\/Latin\/medium\/normal\/6e9caeeafb1f3491be3e32744bc30440.woff2) format(\"woff2\"), url(https:\/\/assets.brevo.com\/font\/Roboto\/Latin\/medium\/normal\/71501f0d8d5aa95960f6475d5487d4c2.woff) format(\"woff\")\n  }\n  @font-face {\n    font-display: fallback;\n    font-family: Roboto;\n    font-weight: 700;\n    src: url(https:\/\/assets.brevo.com\/font\/Roboto\/Latin\/bold\/normal\/3ef7cf158f310cf752d5ad08cd0e7e60.woff2) format(\"woff2\"), url(https:\/\/assets.brevo.com\/font\/Roboto\/Latin\/bold\/normal\/ece3a1d82f18b60bcce0211725c476aa.woff) format(\"woff\")\n  }\n  #sib-container input:-ms-input-placeholder {\n    text-align: left;\n    font-family: Helvetica, sans-serif;\n    color: #c0ccda;\n  }\n  #sib-container input::placeholder {\n    text-align: left;\n    font-family: Helvetica, sans-serif;\n    color: #c0ccda;\n  }\n  #sib-container textarea::placeholder {\n    text-align: left;\n    font-family: Helvetica, sans-serif;\n    color: #c0ccda;\n  }\n<\/style>\n<link rel=\"stylesheet\" href=\"https:\/\/sibforms.com\/forms\/end-form\/build\/sib-styles.css\"\/>\n<!--  END - We recommend to place the above code in head tag of your website html -->\n<!-- START - We recommend to place the below code where you want the form in your website html  -->\n                          We were unable to receive your message. Please contact us by phone.\n                          Votre message a bien \u00e9t\u00e9 envoy\u00e9. Nous vous contacterons dans les plus brefs d\u00e9lais.\n      <form id=\"sib-form\" method=\"POST\" action=\"https:\/\/ee85f4c9.sibforms.com\/serve\/MUIFANQ9wTbwzcCwB86WtICzBOi_w9wbxoRXoxwWOy6mh_ZVnjB4gZMf6SuvoA5wQiUEJ8mjRQlRBO_rBLhYwf_RQCaeQIKHrCRfGeZdSw5wHKRGb8ZdJiQkC2PfW7kuA4OWmPg49nyPJ9MkpvMehzEUwhvccMBv9eBKr8LtJlQjPKz_t_vTjELgu8x4Jhq2_eMUcZkTz-xBmRU=\" data-type=\"subscription\">\n                <label for=\"NOM\" data-required=\"*\">Name<\/label>\n                  <input maxlength=\"200\" type=\"text\" id=\"NOM\" name=\"NOM\" autocomplete=\"off\" data-required=\"true\" required \/>\n              \n                <label for=\"PRENOM\" data-required=\"*\">First name<\/label>\n                  <input maxlength=\"200\" type=\"text\" id=\"PRENOM\" name=\"PRENOM\" autocomplete=\"off\" data-required=\"true\" required \/>\n              \n                <label for=\"ENTREPRISE\">Company<\/label>\n                  <input maxlength=\"200\" type=\"text\" id=\"ENTREPRISE\" name=\"ENTREPRISE\" autocomplete=\"off\" \/>\n              \n                <label for=\"EMAIL\" data-required=\"*\">Email<\/label>\n                  <input type=\"text\" id=\"EMAIL\" name=\"EMAIL\" autocomplete=\"off\" data-required=\"true\" required \/>\n              \n                <label for=\"TELEPHONE\">Phone<\/label>\n                  <input maxlength=\"200\" type=\"text\" id=\"TELEPHONE\" name=\"TELEPHONE\" autocomplete=\"off\" \/>\n              \n                <label for=\"MESSAGE\" data-required=\"*\">Message<\/label>\n                  <textarea rows=\"2\" maxlength=\"500\" id=\"MESSAGE\" name=\"MESSAGE\" autocomplete=\"off\" data-required=\"true\" required><\/textarea>\n              \n            <button form=\"sib-form\" type=\"submit\">\n              SEND\n            <\/button>\n        <input type=\"text\" name=\"email_address_check\" value=\"\"\/>\n        <input type=\"hidden\" name=\"locale\" value=\"en\"\/>\n      <\/form>\n<!-- END - We recommend to place the above code where you want the form in your website html  -->\n<!-- START - We recommend to place the below code in footer or bottom of your website html  -->\n<!-- END - We recommend to place the above code in footer or bottom of your website html  -->\n<!-- End Brevo Form -->\n\t<p><strong>EXPLORiT Business &amp; Services<br \/><\/strong>Av. Des D\u00e9couvertes 3<br \/>1400 Yverdon-les-Bains<br \/>Suisse<\/p>\n<p>T\u00e9l.: +41 24 552 04 46<\/p>\n\t<iframe src=\"https:\/\/www.google.com\/maps\/embed\/v1\/place?q=Explorit+business%2C+1400+Yverdon&#038;key=AIzaSyD09zQ9PNDNNy9TadMuzRV_UsPUoWKntt8\" aria-hidden=\"true\"><\/iframe>\n\n","protected":false},"excerpt":{"rendered":"<p>Available area Do you have any questions or need additional information? Use the form below to contact us! We were unable to receive your message. Please contact us by phone. Votre message a bien \u00e9t\u00e9 envoy\u00e9. Nous vous contacterons dans les plus brefs d\u00e9lais. Name First name Company Email Phone Message SEND EXPLORiT Business &amp;&hellip;<\/p>\n","protected":false},"author":1,"featured_media":0,"parent":0,"menu_order":0,"comment_status":"closed","ping_status":"closed","template":"","meta":{"footnotes":""},"class_list":["post-1275","page","type-page","status-publish","hentry"],"_links":{"self":[{"href":"https:\/\/business.explorit.ch\/en\/wp-json\/wp\/v2\/pages\/1275","targetHints":{"allow":["GET"]}}],"collection":[{"href":"https:\/\/business.explorit.ch\/en\/wp-json\/wp\/v2\/pages"}],"about":[{"href":"https:\/\/business.explorit.ch\/en\/wp-json\/wp\/v2\/types\/page"}],"author":[{"embeddable":true,"href":"https:\/\/business.explorit.ch\/en\/wp-json\/wp\/v2\/users\/1"}],"replies":[{"embeddable":true,"href":"https:\/\/business.explorit.ch\/en\/wp-json\/wp\/v2\/comments?post=1275"}],"version-history":[{"count":3,"href":"https:\/\/business.explorit.ch\/en\/wp-json\/wp\/v2\/pages\/1275\/revisions"}],"predecessor-version":[{"id":2902,"href":"https:\/\/business.explorit.ch\/en\/wp-json\/wp\/v2\/pages\/1275\/revisions\/2902"}],"wp:attachment":[{"href":"https:\/\/business.explorit.ch\/en\/wp-json\/wp\/v2\/media?parent=1275"}],"curies":[{"name":"wp","href":"https:\/\/api.w.org\/{rel}","templated":true}]}}