{"id":1274,"date":"2020-09-02T11:12:05","date_gmt":"2020-09-02T09:12:05","guid":{"rendered":"https:\/\/business.explorit.ch\/index\/"},"modified":"2026-02-09T12:18:58","modified_gmt":"2026-02-09T11:18:58","slug":"index","status":"publish","type":"page","link":"https:\/\/business.explorit.ch\/en\/","title":{"rendered":"EXPLORiT"},"content":{"rendered":"\n\n\t\t<h2>\n\t\t\tAbout us\n\t\t<\/h2>\n\t\t\t<p>EXPLORiT is a multifunctional center offering coworking space, meeting and event rooms, on-site catering, and a variety of local services.<br \/>Located in the heart of French-speaking Switzerland and the Yverdon-les-Bains technology park, Y-Parc. <\/p>\t\t\n\t\t\t\t<img decoding=\"async\" src=\"https:\/\/business.explorit.ch\/wp-content\/uploads\/2020\/06\/cropped-favicon.png\" alt=\"https:\/\/business.explorit.ch\/wp-content\/uploads\/2020\/06\/cropped-favicon.png\" itemprop=\"image\" height=\"512\" width=\"512\" title=\"cropped-favicon.png\" onerror=\"this.style.display='none'\" loading=\"lazy\" \/>\n\t\t\t<a href=\"https:\/\/business.explorit.ch\/en\/available-surfaces\/\" target=\"_self\">\n\t\t\t\t\t\t\t<img loading=\"lazy\" decoding=\"async\" src=\"https:\/\/business.explorit.ch\/wp-content\/uploads\/2024\/03\/Design-sans-titre-2.png\" alt=\"bureau\" width=\"150\" height=\"150\" \/>\n\t\t\t\t\t\t<h4>Offices for rent<\/h4>\t\t\t\t\t\n\t\t<\/a>\n\t\t\t<a href=\"https:\/\/business.explorit.ch\/en\/event-room\/\" target=\"_self\">\n\t\t\t\t\t\t\t<img loading=\"lazy\" decoding=\"async\" src=\"https:\/\/business.explorit.ch\/wp-content\/uploads\/2024\/03\/Design-sans-titre-4.png\" alt=\"conf\u00e9rences\" width=\"150\" height=\"150\" \/>\n\t\t\t\t\t\t<h4>Conference rooms<\/h4>\t\t\t\t\t\n\t\t<\/a>\n\t\t\t<a href=\"https:\/\/business.explorit.ch\/en\/weddings\/\" target=\"_self\">\n\t\t\t\t\t\t\t<img loading=\"lazy\" decoding=\"async\" src=\"https:\/\/business.explorit.ch\/wp-content\/uploads\/2025\/03\/mariage_rond.png\" alt=\"mariage_rond\" width=\"587\" height=\"590\" \/>\n\t\t\t\t\t\t<h4>Weddings<\/h4>\t\t\t\t\t\n\t\t<\/a>\n\t\t\t<a href=\"https:\/\/business.explorit.ch\/en\/caterer\/\" target=\"_self\">\n\t\t\t\t\t\t\t<img loading=\"lazy\" decoding=\"async\" src=\"https:\/\/business.explorit.ch\/wp-content\/uploads\/2024\/03\/Design-sans-titre-5.png\" alt=\"Design sans titre (5)\" width=\"150\" height=\"150\" \/>\n\t\t\t\t\t\t<h4>Catering Service<\/h4>\t\t\t\t\t\n\t\t<\/a>\n\t\t\t<a href=\"https:\/\/explorit.ch\/loisirs\/\" target=\"_blank\">\n\t\t\t\t\t\t\t<img loading=\"lazy\" decoding=\"async\" src=\"https:\/\/business.explorit.ch\/wp-content\/uploads\/2024\/03\/Design-sans-titre-3.png\" alt=\"Design sans titre (3)\" width=\"150\" height=\"150\" \/>\n\t\t\t\t\t\t<h4>Leisure &amp; entertainment<\/h4>\t\t\t\t\t\n\t\t<\/a>\n\t\t<h3>\n\t\t\tThey trusted us\n\t\t<\/h3>\n\t\t\t\t\t\t<figure>\n\t\t\t\t\t\t\t<img loading=\"lazy\" decoding=\"async\" src=\"https:\/\/business.explorit.ch\/wp-content\/uploads\/2024\/03\/yhotel-1.png\" alt=\"\" srcset=\"https:\/\/business.explorit.ch\/wp-content\/uploads\/2024\/03\/yhotel-1.png 483w, https:\/\/business.explorit.ch\/wp-content\/uploads\/2024\/03\/yhotel-1-300x168.png 300w\" width=\"483\" height=\"271\" \/>\n\t\t\t\t\t\t\t\t\t\t\t\t\t<\/figure>\n\t\t\t\t\t\t<figure>\n\t\t\t\t\t\t\t<img loading=\"lazy\" decoding=\"async\" src=\"https:\/\/business.explorit.ch\/wp-content\/uploads\/2024\/03\/securitas.png\" alt=\"\" srcset=\"https:\/\/business.explorit.ch\/wp-content\/uploads\/2024\/03\/securitas.png 500w, https:\/\/business.explorit.ch\/wp-content\/uploads\/2024\/03\/securitas-300x120.png 300w\" width=\"500\" height=\"200\" \/>\n\t\t\t\t\t\t\t\t\t\t\t\t\t<\/figure>\n\t\t\t\t\t\t<figure>\n\t\t\t\t\t\t\t<img loading=\"lazy\" decoding=\"async\" src=\"https:\/\/business.explorit.ch\/wp-content\/uploads\/2024\/03\/Credit_Suisse_Logo.svg-1024x229.png\" alt=\"\" srcset=\"https:\/\/business.explorit.ch\/wp-content\/uploads\/2024\/03\/Credit_Suisse_Logo.svg-1024x229.png 1024w, https:\/\/business.explorit.ch\/wp-content\/uploads\/2024\/03\/Credit_Suisse_Logo.svg-300x67.png 300w, https:\/\/business.explorit.ch\/wp-content\/uploads\/2024\/03\/Credit_Suisse_Logo.svg-768x172.png 768w, https:\/\/business.explorit.ch\/wp-content\/uploads\/2024\/03\/Credit_Suisse_Logo.svg-1536x343.png 1536w, https:\/\/business.explorit.ch\/wp-content\/uploads\/2024\/03\/Credit_Suisse_Logo.svg-2048x458.png 2048w\" width=\"1024\" height=\"229\" \/>\n\t\t\t\t\t\t\t\t\t\t\t\t\t<\/figure>\n\t\t\t\t\t\t<figure>\n\t\t\t\t\t\t\t<img loading=\"lazy\" decoding=\"async\" src=\"https:\/\/business.explorit.ch\/wp-content\/uploads\/2024\/02\/logo_eHnv_full.png\" alt=\"\" srcset=\"https:\/\/business.explorit.ch\/wp-content\/uploads\/2024\/02\/logo_eHnv_full.png 352w, https:\/\/business.explorit.ch\/wp-content\/uploads\/2024\/02\/logo_eHnv_full-300x72.png 300w\" width=\"352\" height=\"84\" \/>\n\t\t\t\t\t\t\t\t\t\t\t\t\t<\/figure>\n\t\t\t\t\t\t<figure>\n\t\t\t\t\t\t\t<img loading=\"lazy\" decoding=\"async\" src=\"https:\/\/business.explorit.ch\/wp-content\/uploads\/2024\/03\/comforce_ag_logo.jpg\" alt=\"\" srcset=\"https:\/\/business.explorit.ch\/wp-content\/uploads\/2024\/03\/comforce_ag_logo.jpg 399w, https:\/\/business.explorit.ch\/wp-content\/uploads\/2024\/03\/comforce_ag_logo-300x111.jpg 300w\" width=\"399\" height=\"147\" \/>\n\t\t\t\t\t\t\t\t\t\t\t\t\t<\/figure>\n\t\t\t\t\t\t<figure>\n\t\t\t\t\t\t\t<img loading=\"lazy\" decoding=\"async\" src=\"https:\/\/business.explorit.ch\/wp-content\/uploads\/2024\/02\/Logo_cvci.png\" alt=\"\" srcset=\"https:\/\/business.explorit.ch\/wp-content\/uploads\/2024\/02\/Logo_cvci.png 389w, https:\/\/business.explorit.ch\/wp-content\/uploads\/2024\/02\/Logo_cvci-300x99.png 300w\" width=\"389\" height=\"129\" \/>\n\t\t\t\t\t\t\t\t\t\t\t\t\t<\/figure>\n\t\t\t\t\t\t<figure>\n\t\t\t\t\t\t\t<img loading=\"lazy\" decoding=\"async\" src=\"https:\/\/business.explorit.ch\/wp-content\/uploads\/2024\/02\/logo_leclanche.png\" alt=\"\" srcset=\"https:\/\/business.explorit.ch\/wp-content\/uploads\/2024\/02\/logo_leclanche.png 470w, https:\/\/business.explorit.ch\/wp-content\/uploads\/2024\/02\/logo_leclanche-300x68.png 300w\" width=\"470\" height=\"107\" \/>\n\t\t\t\t\t\t\t\t\t\t\t\t\t<\/figure>\n\t\t\t\t\t\t<figure>\n\t\t\t\t\t\t\t<img loading=\"lazy\" decoding=\"async\" src=\"https:\/\/business.explorit.ch\/wp-content\/uploads\/2024\/02\/Logo_Swisscom.svg-1024x399.png\" alt=\"\" srcset=\"https:\/\/business.explorit.ch\/wp-content\/uploads\/2024\/02\/Logo_Swisscom.svg-1024x399.png 1024w, https:\/\/business.explorit.ch\/wp-content\/uploads\/2024\/02\/Logo_Swisscom.svg-300x117.png 300w, https:\/\/business.explorit.ch\/wp-content\/uploads\/2024\/02\/Logo_Swisscom.svg-768x300.png 768w, https:\/\/business.explorit.ch\/wp-content\/uploads\/2024\/02\/Logo_Swisscom.svg.png 1200w\" width=\"1024\" height=\"399\" \/>\n\t\t\t\t\t\t\t\t\t\t\t\t\t<\/figure>\n\t\t\t\t\t\t<figure>\n\t\t\t\t\t\t\t<img loading=\"lazy\" decoding=\"async\" src=\"https:\/\/business.explorit.ch\/wp-content\/uploads\/2024\/02\/Y-PARC_Logo_CMJN.png\" alt=\"\" srcset=\"https:\/\/business.explorit.ch\/wp-content\/uploads\/2024\/02\/Y-PARC_Logo_CMJN.png 925w, https:\/\/business.explorit.ch\/wp-content\/uploads\/2024\/02\/Y-PARC_Logo_CMJN-300x99.png 300w, https:\/\/business.explorit.ch\/wp-content\/uploads\/2024\/02\/Y-PARC_Logo_CMJN-768x254.png 768w\" width=\"925\" height=\"306\" \/>\n\t\t\t\t\t\t\t\t\t\t\t\t\t<\/figure>\n\t\t\t\t\t\t<figure>\n\t\t\t\t\t\t\t<img loading=\"lazy\" decoding=\"async\" src=\"https:\/\/business.explorit.ch\/wp-content\/uploads\/2024\/02\/logo_randstad.png\" alt=\"\" srcset=\"https:\/\/business.explorit.ch\/wp-content\/uploads\/2024\/02\/logo_randstad.png 620w, https:\/\/business.explorit.ch\/wp-content\/uploads\/2024\/02\/logo_randstad-300x182.png 300w\" width=\"620\" height=\"376\" \/>\n\t\t\t\t\t\t\t\t\t\t\t\t\t<\/figure>\n\t\t\t\t\t\t<figure>\n\t\t\t\t\t\t\t<img loading=\"lazy\" decoding=\"async\" src=\"https:\/\/business.explorit.ch\/wp-content\/uploads\/2024\/02\/Logo-ORP_8.2.19.png\" alt=\"\" srcset=\"https:\/\/business.explorit.ch\/wp-content\/uploads\/2024\/02\/Logo-ORP_8.2.19.png 340w, https:\/\/business.explorit.ch\/wp-content\/uploads\/2024\/02\/Logo-ORP_8.2.19-300x148.png 300w\" width=\"340\" height=\"168\" \/>\n\t\t\t\t\t\t\t\t\t\t\t\t\t<\/figure>\n\t\t\t\t\t\t<figure>\n\t\t\t\t\t\t\t<img loading=\"lazy\" decoding=\"async\" src=\"https:\/\/business.explorit.ch\/wp-content\/uploads\/2024\/02\/logo_ey.png\" alt=\"\" srcset=\"https:\/\/business.explorit.ch\/wp-content\/uploads\/2024\/02\/logo_ey.png 325w, https:\/\/business.explorit.ch\/wp-content\/uploads\/2024\/02\/logo_ey-300x143.png 300w\" width=\"325\" height=\"155\" \/>\n\t\t\t\t\t\t\t\t\t\t\t\t\t<\/figure>\n\t\t\t\t\t\t<figure>\n\t\t\t\t\t\t\t<img loading=\"lazy\" decoding=\"async\" src=\"https:\/\/business.explorit.ch\/wp-content\/uploads\/2024\/02\/HEIG-VD_FR_Logotype_rouge-rvb-1-1024x323.png\" alt=\"\" srcset=\"https:\/\/business.explorit.ch\/wp-content\/uploads\/2024\/02\/HEIG-VD_FR_Logotype_rouge-rvb-1-1024x323.png 1024w, https:\/\/business.explorit.ch\/wp-content\/uploads\/2024\/02\/HEIG-VD_FR_Logotype_rouge-rvb-1-300x95.png 300w, https:\/\/business.explorit.ch\/wp-content\/uploads\/2024\/02\/HEIG-VD_FR_Logotype_rouge-rvb-1-768x242.png 768w, https:\/\/business.explorit.ch\/wp-content\/uploads\/2024\/02\/HEIG-VD_FR_Logotype_rouge-rvb-1-1536x485.png 1536w, https:\/\/business.explorit.ch\/wp-content\/uploads\/2024\/02\/HEIG-VD_FR_Logotype_rouge-rvb-1.png 1920w\" width=\"1024\" height=\"323\" \/>\n\t\t\t\t\t\t\t\t\t\t\t\t\t<\/figure>\n\t\t\t\t\t\t<figure>\n\t\t\t\t\t\t\t<img loading=\"lazy\" decoding=\"async\" src=\"https:\/\/business.explorit.ch\/wp-content\/uploads\/2024\/03\/schindler-logo-1024x576.png\" alt=\"\" srcset=\"https:\/\/business.explorit.ch\/wp-content\/uploads\/2024\/03\/schindler-logo-1024x576.png 1024w, https:\/\/business.explorit.ch\/wp-content\/uploads\/2024\/03\/schindler-logo-300x169.png 300w, https:\/\/business.explorit.ch\/wp-content\/uploads\/2024\/03\/schindler-logo-768x432.png 768w, https:\/\/business.explorit.ch\/wp-content\/uploads\/2024\/03\/schindler-logo.png 1120w\" width=\"1024\" height=\"576\" \/>\n\t\t\t\t\t\t\t\t\t\t\t\t\t<\/figure>\n\t\t\t\t\t\t<figure>\n\t\t\t\t\t\t\t<img loading=\"lazy\" decoding=\"async\" src=\"https:\/\/business.explorit.ch\/wp-content\/uploads\/2024\/02\/logo-bni.png\" alt=\"\" srcset=\"https:\/\/business.explorit.ch\/wp-content\/uploads\/2024\/02\/logo-bni.png 363w, https:\/\/business.explorit.ch\/wp-content\/uploads\/2024\/02\/logo-bni-300x115.png 300w\" width=\"363\" height=\"139\" \/>\n\t\t\t\t\t\t\t\t\t\t\t\t\t<\/figure>\n\t\t\t\t\t\t<figure>\n\t\t\t\t\t\t\t<img loading=\"lazy\" decoding=\"async\" src=\"https:\/\/business.explorit.ch\/wp-content\/uploads\/2024\/02\/logo_adnv.png\" alt=\"\" srcset=\"https:\/\/business.explorit.ch\/wp-content\/uploads\/2024\/02\/logo_adnv.png 420w, https:\/\/business.explorit.ch\/wp-content\/uploads\/2024\/02\/logo_adnv-300x86.png 300w\" width=\"420\" height=\"120\" \/>\n\t\t\t\t\t\t\t\t\t\t\t\t\t<\/figure>\n\t\t\t\t\t\t<figure>\n\t\t\t\t\t\t\t<img loading=\"lazy\" decoding=\"async\" src=\"https:\/\/business.explorit.ch\/wp-content\/uploads\/2024\/02\/logo_unisante.png\" alt=\"\" srcset=\"https:\/\/business.explorit.ch\/wp-content\/uploads\/2024\/02\/logo_unisante.png 359w, https:\/\/business.explorit.ch\/wp-content\/uploads\/2024\/02\/logo_unisante-300x117.png 300w\" width=\"359\" height=\"140\" \/>\n\t\t\t\t\t\t\t\t\t\t\t\t\t<\/figure>\n\t\t<h3>\n\t\t\tCustomer testimonials\n\t\t<\/h3>\n\t\t\t<p><strong>&#8220;We would like to thank you for organizing our event yesterday at Explorit. Our guests and ourselves had a wonderful time. Apart from the weather, which was on our side, everything was perfect: the venue, the arrangements, the cocktail reception, and the drinks were all greatly appreciated, as was, of course, the helpfulness, professionalism, and friendliness of the staff. Thank you to you and to them.&#8221;<\/strong><strong>David PELLEGRINI,<\/strong><br \/><strong>CloudEdge<br \/>September 2025<\/strong><\/p>\t\t\n\t\t\t<p><em><strong>&#8220;Everything went very well and we would like to thank the entire CineStudio and Explorit team for their collaboration in making this event a success.&#8221;<\/strong><\/em><br \/><strong>Jean-Marc Ferrara<\/strong><br \/><strong>Club d&#8217;\u00e9checs Yverdon<\/strong><br \/><b>September 2025<\/b><\/p>\t\t\n\t\t\t<p><em><strong>\u00ab<\/strong><strong>I would like to thank you for organizing our event. The entire team was extremely helpful.  <\/strong><\/em><em><strong>We look forward to working with you again in the future.\u00bb<\/strong><\/em><strong>Nina Nguon, PhD<\/strong><br \/><strong>Suisselle<\/strong><br \/><b>May 2025<\/b><\/p>\t\t\n\t\t\t<p><em><strong>&#8220;Everything went well, the venue, the food, it was great, people enjoyed it.&#8221;<\/strong><\/em><b><strong>David Padilla<\/strong><br \/>Directeur, AllianceImmo Suisse<br \/>May 2025<\/b><\/p>\t\t\n\t\t\t<p><strong>&#8220;<em>On behalf of the Y-PARC team, I would like to thank you very much for this morning&#8217;s event at EXPLORiT. Your coordination was excellent and the services provided met our expectations. <\/em><\/strong><strong>&#8220;<\/strong><b>Mathieu Demont<br \/>Y-Parc<br \/>May 2025<\/b><\/p>\t\t\n\t\t\t<p>&#8220;It was absolutely perfect for our shoot! Thank you so much for the warm welcome.&#8221;<strong>Justine Viret<\/strong><br \/><strong>Journaliste <\/strong><br \/><strong>RTS<br \/>April 2025<\/strong><\/p>\t\t\n\t\t\t<p><strong>&#8220;<em>Thank you so much for your help, the event was really great. Everything was perfect. <\/em>&#8220;<\/strong><strong>Rapha\u00ebl Domjan<\/strong><br \/><strong>Pr\u00e9sident et pilote<\/strong><br \/><strong>SolarXplorers SA<br \/>April 2025<\/strong><\/p>\t\t\n\t\t\t<p><strong>\u00ab <em>Je tiens \u00e0 vous remercier d&#8217;avoir organis\u00e9 cet \u00e9v\u00e9nement. Les commentaires des participants ont \u00e9t\u00e9 tr\u00e8s positifs, et nous en sommes ravis. <\/em> \u00bb<\/strong><strong>Cindy da Silva <\/strong><br \/><strong>Administration et finances<\/strong><br \/><strong>SolarXplorers SA<\/strong><\/p>\t\t\n\t\t\t<p><strong>&#8220;<em> Everyone really enjoyed it, and the event lived up to our expectations. Thank you very much! <\/em> &#8221; <\/strong><strong>DIMAB<\/strong><\/p>\t\t\n\t\t\t<p><strong><em>&#8220;Thank you for organizing our event, which was greatly appreciated by our members and ourselves. It was a great success.&#8221;<\/em><\/strong><strong>Unia<\/strong><\/p>\t\t\n\t\t\t<p><strong>&#8220;<em>Thank you very much for organizing yesterday&#8217;s event and for its high quality. Indeed, opportunities to celebrate like this are relatively rare, and therefore precious. <\/em> &#8220;<\/strong><\/p>\n<p>APSIP<\/p>\n\t\t<h2>\n\t\t\tour Highlights\n\t\t<\/h2>\n\t\t<h2>\n\t\t\tServices &amp; Benefits\n\t\t<\/h2>\n\t\t<h2>\n\t\t\tBEAM ME UP\n\t\t<\/h2>\n\t\t<h2>\n\t\t\tOur coworking space welcomes your start-up or growing business and offers tailor-made solutions for every business model. \n\t\t<\/h2>\n\t\t\t<p>Located in the heart of the Y-Parc technology and innovation center in Yverdon-les-Bains, our modular spaces can be adapted to suit every need: a single workspace or workspaces for all your employees, on a permanent or flexible basis, depending on your schedule.<\/p>\t\t\n\t\t\t<a href=\"https:\/\/business.explorit.ch\/en\/coworking\/\" target=\"_self\">\n\t\t\t\t\t\t\tCoworking\n\t\t\t\t\t<\/a>\n\t\t<h2>\n\t\t\tEXPLORiA\n\t\t<\/h2>\n\t\t<h2>\n\t\t\tEXPLORiA is your new source of inspiration for all your seminars, conventions, conferences, workshops, and other events.\n\t\t<\/h2>\n\t\t\t<p>A modular room with a maximum capacity of 300 seats, where the atmosphere inspires and motivates visitors&#8217; creativity. We offer you a new vision to support and encourage change and imagination. The spirit of discovery of great researchers and pioneers is reflected in the interior architecture and design of the convention center, helping everyone to think and act in a visionary way.  <\/p>\t\t\n\t\t\t<a href=\"https:\/\/business.explorit.ch\/en\/event-room\/\" target=\"_self\">\n\t\t\t\t\t\t\tLearn more about our rooms\n\t\t\t\t\t<\/a>\n\t\t\t\t\t\t<h4>OUR LATEST EVENTS<\/h4>\t\t\t\t\t\n\t\t\t\t\t\t\t<img loading=\"lazy\" decoding=\"async\" src=\"https:\/\/business.explorit.ch\/wp-content\/uploads\/2020\/03\/title-line.png\" alt=\"title-line\" width=\"60\" height=\"2\" \/>\n\t\t\t\t\t\t\t<img loading=\"lazy\" decoding=\"async\" src=\"https:\/\/business.explorit.ch\/wp-content\/uploads\/2025\/09\/PHOTO-2025-09-11-08-56-475.jpg\" alt=\"PHOTO-2025-09-11-08-56-475\" width=\"1600\" height=\"1200\" \/>\n\t\t\t\t\t\t<h4>CSS<\/h4>\t\t\t\t\t\n\t\t\t<p><strong>Assembly and team building <\/strong><strong>Salle Exploria, Biotope<\/strong><\/p>\t\t\n\t\t\t\t\t\t\t<img loading=\"lazy\" decoding=\"async\" src=\"https:\/\/business.explorit.ch\/wp-content\/uploads\/2024\/03\/Securitas.jpg\" alt=\"Securitas\" width=\"920\" height=\"722\" \/>\n\t\t\t\t\t\t<h4>Securitas SA<\/h4>\t\t\t\t\t\n\t\t\t<p><strong>Securitas SA Management Day<\/strong><strong>Salle Exploria<\/strong><\/p>\t\t\n\t\t\t\t\t\t\t<img loading=\"lazy\" decoding=\"async\" src=\"https:\/\/business.explorit.ch\/wp-content\/uploads\/2024\/10\/Images-Events-SiteWeb-2.jpg\" alt=\"Images Events SiteWeb (2)\" width=\"920\" height=\"722\" \/>\n\t\t\t\t\t\t<h4>Prometerre<\/h4>\t\t\t\t\t\n\t\t\t<p><strong>Annual seminar <\/strong><strong>Salle Exploria<\/strong><\/p>\t\t\n\n","protected":false},"excerpt":{"rendered":"<p>About us EXPLORiT is a multifunctional center offering coworking space, meeting and event rooms, on-site catering, and a variety of local services.Located in the heart of French-speaking Switzerland and the Yverdon-les-Bains technology park, Y-Parc. Offices for rent Conference rooms Weddings Catering Service Leisure &amp; entertainment They trusted us Customer testimonials &#8220;We would like to thank&hellip;<\/p>\n","protected":false},"author":1,"featured_media":0,"parent":0,"menu_order":0,"comment_status":"closed","ping_status":"closed","template":"","meta":{"footnotes":""},"class_list":["post-1274","page","type-page","status-publish","hentry"],"_links":{"self":[{"href":"https:\/\/business.explorit.ch\/en\/wp-json\/wp\/v2\/pages\/1274","targetHints":{"allow":["GET"]}}],"collection":[{"href":"https:\/\/business.explorit.ch\/en\/wp-json\/wp\/v2\/pages"}],"about":[{"href":"https:\/\/business.explorit.ch\/en\/wp-json\/wp\/v2\/types\/page"}],"author":[{"embeddable":true,"href":"https:\/\/business.explorit.ch\/en\/wp-json\/wp\/v2\/users\/1"}],"replies":[{"embeddable":true,"href":"https:\/\/business.explorit.ch\/en\/wp-json\/wp\/v2\/comments?post=1274"}],"version-history":[{"count":10,"href":"https:\/\/business.explorit.ch\/en\/wp-json\/wp\/v2\/pages\/1274\/revisions"}],"predecessor-version":[{"id":3098,"href":"https:\/\/business.explorit.ch\/en\/wp-json\/wp\/v2\/pages\/1274\/revisions\/3098"}],"wp:attachment":[{"href":"https:\/\/business.explorit.ch\/en\/wp-json\/wp\/v2\/media?parent=1274"}],"curies":[{"name":"wp","href":"https:\/\/api.w.org\/{rel}","templated":true}]}}