{"id":3027,"date":"2026-02-09T09:30:49","date_gmt":"2026-02-09T08:30:49","guid":{"rendered":"https:\/\/business.explorit.ch\/kontakt\/"},"modified":"2026-02-09T10:19:56","modified_gmt":"2026-02-09T09:19:56","slug":"kontakt","status":"publish","type":"page","link":"https:\/\/business.explorit.ch\/de\/kontakt\/","title":{"rendered":"Kontakt"},"content":{"rendered":"\n\n\t\t<h2>\n\t\t\tSurface disponible\n\t\t<\/h2>\n\t\t\t<p>Haben Sie Anmerkungen, Fragen oder ben\u00f6tigen Sie weitere Informationen? Nutzen Sie das untenstehende Formular, um mit uns Kontakt aufzunehmen!<\/p>\t\t\n\t<strong>EXPLORiT Business &amp; Services<br \/>\n<\/strong>Av. Des D\u00e9couvertes 3<br \/>\n1400 Yverdon-les-Bains<br \/>\nSuisse.\nT\u00e9l.: +41 24 552 04 46<br \/>\n<a href=\"mailto:event@explorit.ch\">event@explorit.ch<\/a>\n\t<iframe src=\"https:\/\/www.google.com\/maps\/embed\/v1\/place?q=Explorit+business&#038;key=AIzaSyD09zQ9PNDNNy9TadMuzRV_UsPUoWKntt8\" aria-hidden=\"true\"><\/iframe>\n\t\t<h2>\n\t\t\tZugang\n\t\t<\/h2>\n\t\t\n\t\t\t<p>EXPLORiT befindet sich direkt an der Autobahnausfahrt \u00abYverdon-Sud\u00bb im Technologiepark \u00abY-Parc\u00bb.<strong>Mit dem Auto:<\/strong> Ein grosser \u00fcberdachter Parkplatz mit 722 Stellpl\u00e4tzen (davon 8 Behindertenparkpl\u00e4tze) steht neben dem Geb\u00e4ude Le Forum\/Y-H\u00f4tel zur Verf\u00fcgung, 1 Gehminute vom EXPLORiT-Zentrum entfernt.<strong>Mit \u00f6ffentlichen Verkehrsmitteln<\/strong>: Vom Bahnhof Yverdon: Bus Nr. 605 bis zur Endhaltestelle \u201eY-Parc\/D\u00e9couvertes&#8220;, alle 15 Minuten. Der Bus bringt Sie direkt zum Eingang von EXPLORiT. Oder mit dem Bus Nr. 602, der Sie in 2 Minuten zum Eingang bringt (Haltestelle Y-Parc\/Pythagore).<\/p>\t\t\n\n","protected":false},"excerpt":{"rendered":"<p>Surface disponible Haben Sie Anmerkungen, Fragen oder ben\u00f6tigen Sie weitere Informationen? Nutzen Sie das untenstehende Formular, um mit uns Kontakt aufzunehmen! EXPLORiT Business &amp; Services Av. Des D\u00e9couvertes 3 1400 Yverdon-les-Bains Suisse. T\u00e9l.: +41 24 552 04 46 event@explorit.ch Zugang EXPLORiT befindet sich direkt an der Autobahnausfahrt \u00abYverdon-Sud\u00bb im Technologiepark \u00abY-Parc\u00bb.Mit dem Auto: Ein grosser&hellip;<\/p>\n","protected":false},"author":1,"featured_media":0,"parent":0,"menu_order":0,"comment_status":"closed","ping_status":"closed","template":"","meta":{"footnotes":""},"class_list":["post-3027","page","type-page","status-publish","hentry"],"_links":{"self":[{"href":"https:\/\/business.explorit.ch\/de\/wp-json\/wp\/v2\/pages\/3027","targetHints":{"allow":["GET"]}}],"collection":[{"href":"https:\/\/business.explorit.ch\/de\/wp-json\/wp\/v2\/pages"}],"about":[{"href":"https:\/\/business.explorit.ch\/de\/wp-json\/wp\/v2\/types\/page"}],"author":[{"embeddable":true,"href":"https:\/\/business.explorit.ch\/de\/wp-json\/wp\/v2\/users\/1"}],"replies":[{"embeddable":true,"href":"https:\/\/business.explorit.ch\/de\/wp-json\/wp\/v2\/comments?post=3027"}],"version-history":[{"count":5,"href":"https:\/\/business.explorit.ch\/de\/wp-json\/wp\/v2\/pages\/3027\/revisions"}],"predecessor-version":[{"id":3086,"href":"https:\/\/business.explorit.ch\/de\/wp-json\/wp\/v2\/pages\/3027\/revisions\/3086"}],"wp:attachment":[{"href":"https:\/\/business.explorit.ch\/de\/wp-json\/wp\/v2\/media?parent=3027"}],"curies":[{"name":"wp","href":"https:\/\/api.w.org\/{rel}","templated":true}]}}