{"id":2983,"date":"2025-11-19T15:21:24","date_gmt":"2025-11-19T14:21:24","guid":{"rendered":"https:\/\/business.explorit.ch\/hochzeiten\/"},"modified":"2026-02-09T10:12:50","modified_gmt":"2026-02-09T09:12:50","slug":"hochzeiten","status":"publish","type":"page","link":"https:\/\/business.explorit.ch\/de\/hochzeiten\/","title":{"rendered":"Hochzeiten"},"content":{"rendered":"\n\n\t\t\t\t<img decoding=\"async\" src=\"https:\/\/business.explorit.ch\/wp-content\/uploads\/2025\/03\/BANNIERE-site-1920-x-580-px-3.png\" alt=\"BANNIERE site (1920 x 580 px) (3)\" itemprop=\"image\" height=\"580\" width=\"1920\" title=\"BANNIERE site (1920 x 580 px) (3)\" onerror=\"this.style.display='none'\" loading=\"lazy\" \/>\n\t\t<h2>\n\t\t\tFeiern Sie Ihre Hochzeit bei Explorit\n\t\t<\/h2>\n\t\t\t<p>G\u00f6nnen Sie sich eine unvergessliche Hochzeit an einem au\u00dfergew\u00f6hnlichen Ort! Der Saal Exploria im Herzen von Explorit Yverdon empf\u00e4ngt Sie, um den sch\u00f6nsten Tag Ihres Lebens in einem modernen, eleganten und ganz nach Ihren W\u00fcnschen gestaltbaren Rahmen zu feiern.<\/p>\t\t\n\t\t\t<a href=\"#contact\" target=\"_self\">\n\t\t\t\t\t\t\tReservierungsanfrage\n\t\t\t\t\t<\/a>\n\tMit ihrem raffinierten Design, ihrer hochmodernen Ausstattung und ihrer flexiblen Kapazit\u00e4t eignet sich die Exploria-Salle ideal f\u00fcr intime Hochzeiten ebenso wie f\u00fcr gro\u00dfe Empf\u00e4nge. Wir unterst\u00fctzen Sie bei der Organisation Ihrer Veranstaltung, damit alles Ihren Erwartungen entspricht:\n<ul>\n<li data-start=\"756\" data-end=\"1171\"><strong data-start=\"758\" data-end=\"794\">Ein ger\u00e4umiger und gem\u00fctlicher Bereich<\/strong>, perfekt f\u00fcr Ihr Bankett und Ihre Tanzparty<\/li>\n<li data-start=\"756\" data-end=\"1171\"><strong data-start=\"853\" data-end=\"896\">Eine Beschallungsanlage und Lichteffekte<\/strong> f\u00fcr eine m\u00e4rchenhafte Atmosph\u00e4re<\/li>\n<li data-start=\"756\" data-end=\"1171\"><strong data-start=\"930\" data-end=\"964\">Ein ma\u00dfgeschneiderter Cateringservice<\/strong> mit einem raffinierten Men\u00fc, das Ihren Vorlieben angepasst ist<\/li>\n<li data-start=\"756\" data-end=\"1171\"><strong data-start=\"1019\" data-end=\"1067\">Personalisierte Animationen und Dienstleistungen<\/strong> (DJ, Live-Band, Fotobox usw.)<\/li>\n<\/ul>\n<p>Unser engagiertes Team steht Ihnen gerne zur Verf\u00fcgung, um Sie zu beraten und jedes Detail Ihrer Hochzeit zu koordinieren: von der Dekoration \u00fcber die Organisation des Essens bis hin zur Unterhaltung und Logistik.<\/p>\n<p>&nbsp;<\/p>\n\t\t\t\t\t\t<h4>Kontaktieren Sie uns<\/h4>\t\t\t\t\t\n\t\t\t\t\t\t\t<img loading=\"lazy\" decoding=\"async\" src=\"https:\/\/business.explorit.ch\/wp-content\/uploads\/2020\/03\/title-line.png\" alt=\"title-line\" width=\"60\" height=\"2\" \/>\n\t\t\t<p>Fordern Sie ein Angebot an oder treffen Sie uns, damit Sie unsere R\u00e4umlichkeiten besichtigen k\u00f6nnen.<\/p>\t\t\n\t\t<h2>\n\t\t\tInteressiert?\n\t\t<\/h2>\n\t\t\t<p><strong>Bei Fragen:<\/strong><br \/>+41 (0)24 552 04 46<br \/><a href=\"mailto:event@explorit.ch\">event@explorit.ch<\/a><strong>Adresse: <\/strong><br \/>EXPLORiT<br \/>Avenue des D\u00e9couvertes 3<br \/>1400 Yverdon-les-Bains<br \/>Schweiz<\/p>\t\t\n\t<iframe src=\"https:\/\/www.google.com\/maps\/embed\/v1\/place?q=EXPLORiT+Unternehmen+und+Dienstleistungen&#038;key=AIzaSyD09zQ9PNDNNy9TadMuzRV_UsPUoWKntt8\" aria-hidden=\"true\"><\/iframe>\n\n","protected":false},"excerpt":{"rendered":"<p>Feiern Sie Ihre Hochzeit bei Explorit G\u00f6nnen Sie sich eine unvergessliche Hochzeit an einem au\u00dfergew\u00f6hnlichen Ort! Der Saal Exploria im Herzen von Explorit Yverdon empf\u00e4ngt Sie, um den sch\u00f6nsten Tag Ihres Lebens in einem modernen, eleganten und ganz nach Ihren W\u00fcnschen gestaltbaren Rahmen zu feiern. Reservierungsanfrage Mit ihrem raffinierten Design, ihrer hochmodernen Ausstattung und ihrer&hellip;<\/p>\n","protected":false},"author":2,"featured_media":0,"parent":0,"menu_order":0,"comment_status":"closed","ping_status":"closed","template":"","meta":{"footnotes":""},"class_list":["post-2983","page","type-page","status-publish","hentry"],"_links":{"self":[{"href":"https:\/\/business.explorit.ch\/de\/wp-json\/wp\/v2\/pages\/2983","targetHints":{"allow":["GET"]}}],"collection":[{"href":"https:\/\/business.explorit.ch\/de\/wp-json\/wp\/v2\/pages"}],"about":[{"href":"https:\/\/business.explorit.ch\/de\/wp-json\/wp\/v2\/types\/page"}],"author":[{"embeddable":true,"href":"https:\/\/business.explorit.ch\/de\/wp-json\/wp\/v2\/users\/2"}],"replies":[{"embeddable":true,"href":"https:\/\/business.explorit.ch\/de\/wp-json\/wp\/v2\/comments?post=2983"}],"version-history":[{"count":1,"href":"https:\/\/business.explorit.ch\/de\/wp-json\/wp\/v2\/pages\/2983\/revisions"}],"predecessor-version":[{"id":3079,"href":"https:\/\/business.explorit.ch\/de\/wp-json\/wp\/v2\/pages\/2983\/revisions\/3079"}],"wp:attachment":[{"href":"https:\/\/business.explorit.ch\/de\/wp-json\/wp\/v2\/media?parent=2983"}],"curies":[{"name":"wp","href":"https:\/\/api.w.org\/{rel}","templated":true}]}}