{"id":2845,"date":"2025-09-30T13:53:59","date_gmt":"2025-09-30T11:53:59","guid":{"rendered":"https:\/\/business.explorit.ch\/coworking-space\/"},"modified":"2026-02-09T16:18:33","modified_gmt":"2026-02-09T15:18:33","slug":"coworking-space","status":"publish","type":"page","link":"https:\/\/business.explorit.ch\/de\/coworking-space\/","title":{"rendered":"Coworking Space"},"content":{"rendered":"\n\n\t\t<meta itemprop=\"url\" content=\"https:\/\/business.explorit.ch\/wp-content\/uploads\/2024\/04\/coworking_site.mp4\" \/><div style=\"width: 640px;\" class=\"wp-video\"><video class=\"wp-video-shortcode\" id=\"video-2845-1\" width=\"640\" height=\"360\" preload=\"metadata\" controls=\"controls\"><source type=\"video\/mp4\" src=\"https:\/\/business.explorit.ch\/wp-content\/uploads\/2024\/04\/coworking_site.mp4?_=1\" \/><source type=\"video\/mp4\" src=\"https:\/\/business.explorit.ch\/wp-content\/uploads\/2024\/04\/coworking_site.mp4?_=1\" \/><a href=\"https:\/\/business.explorit.ch\/wp-content\/uploads\/2024\/04\/coworking_site.mp4\">https:\/\/business.explorit.ch\/wp-content\/uploads\/2024\/04\/coworking_site.mp4<\/a><\/video><\/div>\t\n\t\t<h2>\n\t\t\t\t\t\t\t<a\n\t\t\t\t\thref=\"https:\/\/business.explorit.ch\/wp-content\/uploads\/2025\/10\/Salles-reunion-Coworking.pdf\"\n\t\t\t\t\ttarget=\"_self\">\n\t\t\tBeam me up! Ihr ma\u00dfgeschneiderter Arbeitsbereich.  \n\t\t\t\t\t\t\t<\/a>\n\t\t<\/h2>\n\t\t\t<p><strong>Sie planen, wir k\u00fcmmern uns um den Rest.<\/strong>Generalversammlungen, Gesch\u00e4ftstreffen, B2B, B2C, Teambesprechungen, Einzelgespr\u00e4che, Schulungen oder Seminare. Unsere R\u00e4umlichkeiten passen sich Ihren W\u00fcnschen an: <ul><li id=\"isPasted\" data-start=\"670\" data-end=\"810\">Moderner Open Space, der inspiriert und motiviert. <\/li><li data-start=\"811\" data-end=\"947\">Ausgestattete und modulare Tagungsr\u00e4ume mit einer Kapazit\u00e4t von 10 bis 60 Personen.<\/li><li data-start=\"811\" data-end=\"947\">Freiheitspaket, t\u00e4gliche oder monatliche Miete, ohne Verpflichtung.<\/li><li data-start=\"948\" data-end=\"1083\"><strong>Seminarpauschalen<\/strong>, die Geselligkeit und Austausch bei einem guten Essen oder einem Kaffee bieten.<\/li><\/ul><\/p>\t\t\n\t\t\t<a href=\"https:\/\/explorit.cosoft.fr\/v2\/\" target=\"_self\">\n\t\t\t\t\t\tRegistrieren \/ Anmelden\n\t\t\t\t\t<\/a>\n\t\t\t<a href=\"https:\/\/business.explorit.ch\/de\/kontakt\/\" target=\"_self\">\n\t\t\t\t\t\tKontaktieren Sie uns\n\t\t\t\t\t<\/a>\n\t\t<h2>\n\t\t\t\t\t\t\t<a\n\t\t\t\t\thref=\"https:\/\/business.explorit.ch\/wp-content\/uploads\/2025\/10\/Salles-reunion-Coworking.pdf\"\n\t\t\t\t\ttarget=\"_self\">\n\t\t\tOpen Space-Paket\n\t\t\t\t\t\t\t<\/a>\n\t\t<\/h2>\n<table  data-tablesaw-minimap>\n\t\t\t<thead>\n\t\t<tr>\n\t\t\t<th id=\"pp-table-col-1\" scope=\"col\" data-tablesaw-sortable-col>\t\t\t\t\t\n\t\t\t\t\t\t\t\t\t\t\t\tHalber Tag\t\t\t\t\t\n\t\t\t\t\t<\/th>\t\t<\/tr>\n\t<\/thead>\n\t\t<tbody>\n\t\t<tr data-row-index=\"1\"><td><b>15 CHF<\/b><\/td><\/tr>\t<\/tbody>\n<\/table>\n<table  data-tablesaw-minimap>\n\t\t\t<thead>\n\t\t<tr>\n\t\t\t<th id=\"pp-table-col-1\" scope=\"col\" data-tablesaw-sortable-col>\t\t\t\t\t\n\t\t\t\t\t\t\t\t\t\t\t\tTag\t\t\t\t\t\n\t\t\t\t\t<\/th>\t\t<\/tr>\n\t<\/thead>\n\t\t<tbody>\n\t\t<tr data-row-index=\"1\"><td><b>30 CHF<\/b><\/td><\/tr>\t<\/tbody>\n<\/table>\n<table  data-tablesaw-minimap>\n\t\t\t<thead>\n\t\t<tr>\n\t\t\t<th id=\"pp-table-col-1\" scope=\"col\" data-tablesaw-sortable-col>\t\t\t\t\t\n\t\t\t\t\t\t\t\t\t\t\t\tB\u00fcro\t\t\t\t\t\n\t\t\t\t\t<\/th>\t\t<\/tr>\n\t<\/thead>\n\t\t<tbody>\n\t\t<tr data-row-index=\"1\"><td><b>300 CHF \/ Monat<\/b><\/td><\/tr>\t<\/tbody>\n<\/table>\n\t<p>Kaffeebereich, WLAN und Drucker stehen zur Verf\u00fcgung.<\/p>\n\t\t<h2>\n\t\t\t\t\t\t\t<a\n\t\t\t\t\thref=\"https:\/\/business.explorit.ch\/wp-content\/uploads\/2025\/10\/Salles-reunion-Coworking.pdf\"\n\t\t\t\t\ttarget=\"_self\">\n\t\t\tNeue Coworking-Pakete\n\t\t\t\t\t\t\t<\/a>\n\t\t<\/h2>\n<table  data-tablesaw-minimap>\n\t\t\t<thead>\n\t\t<tr>\n\t\t\t<th id=\"pp-table-col-1\" scope=\"col\" data-tablesaw-sortable-col>\t\t\t\t\t\n\t\t\t\t\t\t\t\t\t\t\t\t10 Halbtage <br \/> Open Space\t\t\t\t\t\n\t\t\t\t\t<\/th>\t\t<\/tr>\n\t<\/thead>\n\t\t<tbody>\n\t\t<tr data-row-index=\"1\"><td><b>120 CHF \n<\/b><br \/>statt 150 CHF<\/td><\/tr>\t<\/tbody>\n<\/table>\n<table  data-tablesaw-minimap>\n\t\t\t<thead>\n\t\t<tr>\n\t\t\t<th id=\"pp-table-col-1\" scope=\"col\" data-tablesaw-sortable-col>\t\t\t\t\t\n\t\t\t\t\t\t\t\t\t\t\t\t10 Tage<br \/>Open Space\t\t\t\t\t\n\t\t\t\t\t<\/th>\t\t<\/tr>\n\t<\/thead>\n\t\t<tbody>\n\t\t<tr data-row-index=\"1\"><td><b>225 CHF \n<\/b><br \/>statt 300 CHF<\/td><\/tr>\t<\/tbody>\n<\/table>\n<table  data-tablesaw-minimap>\n\t\t\t<thead>\n\t\t<tr>\n\t\t\t<th id=\"pp-table-col-1\" scope=\"col\" data-tablesaw-sortable-col>\t\t\t\t\t\n\t\t\t\t\t\t\t\t\t\t\t\t10-Stunden-Paket Meeting Room 4\t\t\t\t\t\n\t\t\t\t\t<\/th>\t\t<\/tr>\n\t<\/thead>\n\t\t<tbody>\n\t\t<tr data-row-index=\"1\"><td><b>150 CHF \n<\/b><br \/>statt 200 CHF<\/td><\/tr>\t<\/tbody>\n<\/table>\n<table  data-tablesaw-minimap>\n\t\t\t<thead>\n\t\t<tr>\n\t\t\t<th id=\"pp-table-col-1\" scope=\"col\" data-tablesaw-sortable-col>\t\t\t\t\t\n\t\t\t\t\t\t\t\t\t\t\t\t10-Stunden-Paket Meeting Room 1\t\t\t\t\t\n\t\t\t\t\t<\/th>\t\t<\/tr>\n\t<\/thead>\n\t\t<tbody>\n\t\t<tr data-row-index=\"1\"><td><b>200 CHF \n<\/b><br \/>statt 250 CHF<\/td><\/tr>\t<\/tbody>\n<\/table>\n\t<p>Die Open Space-Tagespakete sind pro Person zu buchen.<br \/>Die 10-Stunden-Pakete f\u00fcr Besprechungsr\u00e4ume gelten f\u00fcr R\u00e4ume mit einer Kapazit\u00e4t von bis zu 4 Personen.<\/p>\n\t<p>Die Dienstleistungen<\/p>\n\t\t\t\t\t\t\t<img loading=\"lazy\" decoding=\"async\" src=\"https:\/\/business.explorit.ch\/wp-content\/uploads\/2020\/04\/bureaux-infobox.png\" alt=\"bureaux infobox\" width=\"151\" height=\"151\" \/>\n\t\t\tB\u00fcros\n\t\t\t\t\t\t\t\t\t\t\t\n\t\t\t\t\t\t\t<img loading=\"lazy\" decoding=\"async\" src=\"https:\/\/business.explorit.ch\/wp-content\/uploads\/2020\/04\/Wifi-illimit\u00e9.png\" alt=\"Wifi illimit\u00e9\" width=\"151\" height=\"151\" \/>\n\t\t\tUnbegrenztes WLAN\n\t\t\t\t\t\t\t\t\t\t\t\n\t\t\t\t\t\t\t<img loading=\"lazy\" decoding=\"async\" src=\"https:\/\/business.explorit.ch\/wp-content\/uploads\/2024\/03\/Design-sans-titre-5.png\" alt=\"Design sans titre (5)\" width=\"150\" height=\"150\" \/>\n\t\t\tGastronomie\n\t\t\t\t\t\t\t\t\t\t\t\n\t\t\t\t\t\t\t<img loading=\"lazy\" decoding=\"async\" src=\"https:\/\/business.explorit.ch\/wp-content\/uploads\/2020\/04\/Salles-de-reuinion.png\" alt=\"Salles de reuinion\" width=\"151\" height=\"151\" \/>\n\t\t\tKonferenzr\u00e4ume\n\t\t\t\t\t\t\t\t\t\t\t\n\t\t\t\t<a href=\"https:\/\/business.explorit.ch\/wp-content\/uploads\/2025\/11\/coworking.pdf\"  target=\"_blank\" rel=\"noopener\"  itemprop=\"url\">\n\t\t\t\t<img decoding=\"async\" src=\"https:\/\/business.explorit.ch\/wp-content\/uploads\/2021\/06\/Coworking-05-1.jpeg\" alt=\"Coworking-05-1\" itemprop=\"image\" height=\"1333\" width=\"2000\" title=\"Coworking-05-1\" onerror=\"this.style.display='none'\" loading=\"lazy\" \/>\n\t\t\t\t<\/a>\n\t<p><em>Open space<\/em><\/p>\n\t\t\t\t<a href=\"https:\/\/business.explorit.ch\/wp-content\/uploads\/2025\/11\/Nouveau-Catalogue-Salles-disponibles-1.pdf\"  target=\"_blank\" rel=\"noopener\"  itemprop=\"url\">\n\t\t\t\t<img decoding=\"async\" src=\"https:\/\/business.explorit.ch\/wp-content\/uploads\/2025\/11\/BDR9-1.jpg\" alt=\"BDR9 (1)\" itemprop=\"image\" height=\"660\" width=\"1000\" title=\"BDR9 (1)\" onerror=\"this.style.display='none'\" loading=\"lazy\" \/>\n\t\t\t\t<\/a>\n\t<p><em>Besprechungsraum<\/em><\/p>\n\t\t\t\t<img decoding=\"async\" src=\"https:\/\/business.explorit.ch\/wp-content\/uploads\/2025\/11\/coworking_cafe-scaled.jpg\" alt=\"coworking_cafe\" itemprop=\"image\" height=\"1440\" width=\"2560\" title=\"coworking_cafe\" onerror=\"this.style.display='none'\" loading=\"lazy\" \/>\n\t<p><em>Espace caf\u00e9<\/em><\/p>\n\n","protected":false},"excerpt":{"rendered":"<p>Beam me up! Ihr ma\u00dfgeschneiderter Arbeitsbereich. Sie planen, wir k\u00fcmmern uns um den Rest.Generalversammlungen, Gesch\u00e4ftstreffen, B2B, B2C, Teambesprechungen, Einzelgespr\u00e4che, Schulungen oder Seminare. Unsere R\u00e4umlichkeiten passen sich Ihren W\u00fcnschen an: Moderner Open Space, der inspiriert und motiviert. Ausgestattete und modulare Tagungsr\u00e4ume mit einer Kapazit\u00e4t von 10 bis 60 Personen. Freiheitspaket, t\u00e4gliche oder monatliche Miete, ohne Verpflichtung.&hellip;<\/p>\n","protected":false},"author":1,"featured_media":2889,"parent":0,"menu_order":0,"comment_status":"closed","ping_status":"closed","template":"","meta":{"footnotes":""},"class_list":["post-2845","page","type-page","status-publish","has-post-thumbnail","hentry"],"_links":{"self":[{"href":"https:\/\/business.explorit.ch\/de\/wp-json\/wp\/v2\/pages\/2845","targetHints":{"allow":["GET"]}}],"collection":[{"href":"https:\/\/business.explorit.ch\/de\/wp-json\/wp\/v2\/pages"}],"about":[{"href":"https:\/\/business.explorit.ch\/de\/wp-json\/wp\/v2\/types\/page"}],"author":[{"embeddable":true,"href":"https:\/\/business.explorit.ch\/de\/wp-json\/wp\/v2\/users\/1"}],"replies":[{"embeddable":true,"href":"https:\/\/business.explorit.ch\/de\/wp-json\/wp\/v2\/comments?post=2845"}],"version-history":[{"count":3,"href":"https:\/\/business.explorit.ch\/de\/wp-json\/wp\/v2\/pages\/2845\/revisions"}],"predecessor-version":[{"id":3107,"href":"https:\/\/business.explorit.ch\/de\/wp-json\/wp\/v2\/pages\/2845\/revisions\/3107"}],"wp:featuredmedia":[{"embeddable":true,"href":"https:\/\/business.explorit.ch\/de\/wp-json\/wp\/v2\/media\/2889"}],"wp:attachment":[{"href":"https:\/\/business.explorit.ch\/de\/wp-json\/wp\/v2\/media?parent=2845"}],"curies":[{"name":"wp","href":"https:\/\/api.w.org\/{rel}","templated":true}]}}