{"id":2822,"date":"2025-09-30T12:06:25","date_gmt":"2025-09-30T10:06:25","guid":{"rendered":"https:\/\/business.explorit.ch\/veranstaltungsraume\/"},"modified":"2026-02-26T11:46:01","modified_gmt":"2026-02-26T10:46:01","slug":"veranstaltungsraume","status":"publish","type":"page","link":"https:\/\/business.explorit.ch\/de\/veranstaltungsraume\/","title":{"rendered":"Veranstaltungsr\u00e4ume"},"content":{"rendered":"\n\n\t\t<meta itemprop=\"url\" content=\"https:\/\/business.explorit.ch\/wp-content\/uploads\/2024\/04\/explorit.mp4\" \/><div style=\"width: 640px;\" class=\"wp-video\"><video muted class=\"wp-video-shortcode\" id=\"video-2822-1\" width=\"640\" height=\"360\" loop autoplay preload=\"metadata\" controls=\"controls\"><source type=\"video\/mp4\" src=\"https:\/\/business.explorit.ch\/wp-content\/uploads\/2024\/04\/explorit.mp4?_=1\" \/><source type=\"video\/mp4\" src=\"https:\/\/business.explorit.ch\/wp-content\/uploads\/2024\/04\/explorit.mp4?_=1\" \/><a href=\"https:\/\/business.explorit.ch\/wp-content\/uploads\/2024\/04\/explorit.mp4\">https:\/\/business.explorit.ch\/wp-content\/uploads\/2024\/04\/explorit.mp4<\/a><\/video><\/div>\t\n\t\t<h2>\n\t\t\tVerf\u00fcgbare Fl\u00e4che\n\t\t<\/h2>\n\t\t\t<p>EXPLORiT ist Ihr neuer Ort der Inspiration f\u00fcr alle Ihre Seminare, Tagungen, Konferenzen, Workshops und sonstigen Veranstaltungen.<\/p>\t\t\n\t<p>Mit EXPLORiT werden Ihre Firmenveranstaltung, Ihr Brainstorming-Meeting oder Ihre Teambuilding-Session zu einem magischen Erlebnis. Sie haben die Wahl zwischen verschiedenen R\u00e4umlichkeiten. Vom Besprechungsraum \u00fcber Pr\u00e4sentations- und Konferenzr\u00e4ume bis hin zu prestigetr\u00e4chtigen Cocktailempf\u00e4ngen und unterhaltsamen Ausfl\u00fcgen.<\/p>\n<p>Individuell gestaltbare oder fantastische Welten, eine chillige oder rockige Atmosph\u00e4re. Live-B\u00fchnen, Innen- und Au\u00dfenbereiche, ein ma\u00dfgeschneidertes Catering-Angebot und ein Event-Team, das Ihnen zur Verf\u00fcgung steht &#8211; bei EXPLORiT wird es Ihnen nie langweilig!<\/p>\n<h2  id=\"salles\">\n\t\t\tUnsere verschiedenen R\u00e4ume:\t<\/h2>\n<h3  id=\"salles\">\n\t\t\tVeranstaltungsr\u00e4ume und Firmenfeiern:\t<\/h3>\n        <h2>EXPLORiA<\/h2>\n        <h4><font size=\"3pt\">300 Pl\u00e4tze<\/font><\/h4>\n<img decoding=\"async\" src=\"https:\/\/business.explorit.ch\/wp-content\/uploads\/2022\/03\/business_exploria.jpg\"\/>\n        <h2>La Fabrica (Restaurant)<\/h2>\n        <h3><font size=\"3pt\">150 Pl\u00e4tze<\/font><\/h3>\n<img decoding=\"async\" src=\"https:\/\/business.explorit.ch\/wp-content\/uploads\/2022\/03\/business_fabrica.jpg\"\/>\n        <h2>Le Biotope (Restaurant)<\/h2>\n        <h3><font size=\"3pt\">120 Pl\u00e4tze<\/font><\/h3>\n<img decoding=\"async\" src=\"https:\/\/business.explorit.ch\/wp-content\/uploads\/2024\/02\/biotope_carre.jpg\"\/> \n        <h2>Tiki Beach (drau\u00dfen)<\/h2>\n        <h3><font size=\"3pt\">20 bis 150 Pl\u00e4tze<\/font><\/h3>\n<img decoding=\"async\" src=\"https:\/\/business.explorit.ch\/wp-content\/uploads\/2024\/02\/tiki_carre.png\"\/>\n<h3  id=\"cinema\">\n\t\t\tUm f\u00fcr \u00dcberraschungen zu sorgen, Kinos\u00e4le mit einzigartigen Kulissen:\t<\/h3>\n        <h2>Cabane<\/h2>\n        <h3><font size=\"3pt\">140 Pl\u00e4tze<\/font><\/h3>\n        <img decoding=\"async\" src=\"https:\/\/business.explorit.ch\/wp-content\/uploads\/2022\/03\/business_cabane.jpg\"\/>\n        <h2>Biblioth\u00e8que<\/h2>\n        <h3><font size=\"3pt\">143 Pl\u00e4tze<\/font><\/h3>\n        <img decoding=\"async\" src=\"https:\/\/business.explorit.ch\/wp-content\/uploads\/2024\/02\/biblio_carre.png\"\/>\n        <h2>Quartz<\/h2>\n        <h3><font size=\"3pt\">50 Pl\u00e4tze<\/font><\/h3>\n       <img decoding=\"async\" src=\"https:\/\/business.explorit.ch\/wp-content\/uploads\/2024\/03\/quartz_conf.jpg\"\/>\n        <h2>Salon<\/h2>\n        <h3><font size=\"3pt\">45 Pl\u00e4tze<\/font><\/h3>\n       <img decoding=\"async\" src=\"https:\/\/business.explorit.ch\/wp-content\/uploads\/2024\/02\/salon_carre.png\"\/>\n        <h2>Abysses<\/h2>\n        <h3><font size=\"3pt\">25 Pl\u00e4tze<\/font><\/h3>\n        <img decoding=\"async\" src=\"https:\/\/business.explorit.ch\/wp-content\/uploads\/2024\/03\/abysse_carre.jpg\"\/>\n<h3  id=\"classiques\">\n\t\t\tDie Klassiker: f\u00fcr Schulungen, Seminare, VIP-Pr\u00e4sentationen, Konferenzen &#8211; Sie haben die Wahl!\t<\/h3>\n        <h2>Meeting Room 5<\/h2>\n        <h3><font size=\"2pt\">10 Pl\u00e4tze<\/font><\/h3>\n        <img decoding=\"async\" src=\"https:\/\/business.explorit.ch\/wp-content\/uploads\/2024\/03\/meetingroom5.jpeg\"\/>\n        <h2>Executive Room<\/h2>\n        <h3><font size=\"2pt\">21 Pl\u00e4tze in U-Form<\/font><\/h3>\n        <img decoding=\"async\" src=\"https:\/\/business.explorit.ch\/wp-content\/uploads\/2024\/03\/executivetoom.jpeg\"\/>\n        <h2>Event Room<\/h2>\n        <h3><font size=\"2pt\">26 Pl\u00e4tze in U-Form, 47 in Theaterbestuhlung<\/font><\/h3>\n        <img decoding=\"async\" src=\"https:\/\/business.explorit.ch\/wp-content\/uploads\/2024\/02\/bureau2_p.png\"\/>\n<h2  id=\"activites\">\n\t\t\tSie haben uns ihr Vertrauen geschenkt: \t<\/h2>\n\t\t\t\t\t\t<figure>\n\t\t\t\t\t\t\t<img loading=\"lazy\" decoding=\"async\" src=\"https:\/\/business.explorit.ch\/wp-content\/uploads\/2024\/02\/logo_eHnv_full.png\" alt=\"\" srcset=\"https:\/\/business.explorit.ch\/wp-content\/uploads\/2024\/02\/logo_eHnv_full.png 352w, https:\/\/business.explorit.ch\/wp-content\/uploads\/2024\/02\/logo_eHnv_full-300x72.png 300w\" width=\"352\" height=\"84\" \/>\n\t\t\t\t\t\t\t\t\t\t\t\t\t<\/figure>\n\t\t\t\t\t\t<figure>\n\t\t\t\t\t\t\t<img loading=\"lazy\" decoding=\"async\" src=\"https:\/\/business.explorit.ch\/wp-content\/uploads\/2025\/08\/Y-PARC_Couleur-BaselineDroite-scaled.png\" alt=\"\" srcset=\"https:\/\/business.explorit.ch\/wp-content\/uploads\/2025\/08\/Y-PARC_Couleur-BaselineDroite-scaled.png 2560w, https:\/\/business.explorit.ch\/wp-content\/uploads\/2025\/08\/Y-PARC_Couleur-BaselineDroite-300x90.png 300w, https:\/\/business.explorit.ch\/wp-content\/uploads\/2025\/08\/Y-PARC_Couleur-BaselineDroite-1024x307.png 1024w, https:\/\/business.explorit.ch\/wp-content\/uploads\/2025\/08\/Y-PARC_Couleur-BaselineDroite-768x230.png 768w, https:\/\/business.explorit.ch\/wp-content\/uploads\/2025\/08\/Y-PARC_Couleur-BaselineDroite-1536x460.png 1536w, https:\/\/business.explorit.ch\/wp-content\/uploads\/2025\/08\/Y-PARC_Couleur-BaselineDroite-2048x613.png 2048w\" width=\"2560\" height=\"766\" \/>\n\t\t\t\t\t\t\t\t\t\t\t\t\t<\/figure>\n\t\t\t\t\t\t<figure>\n\t\t\t\t\t\t\t<img loading=\"lazy\" decoding=\"async\" src=\"https:\/\/business.explorit.ch\/wp-content\/uploads\/2024\/02\/logo_unisante.png\" alt=\"\" srcset=\"https:\/\/business.explorit.ch\/wp-content\/uploads\/2024\/02\/logo_unisante.png 359w, https:\/\/business.explorit.ch\/wp-content\/uploads\/2024\/02\/logo_unisante-300x117.png 300w\" width=\"359\" height=\"140\" \/>\n\t\t\t\t\t\t\t\t\t\t\t\t\t<\/figure>\n\t\t\t\t\t\t<figure>\n\t\t\t\t\t\t\t<img loading=\"lazy\" decoding=\"async\" src=\"https:\/\/business.explorit.ch\/wp-content\/uploads\/2024\/02\/logo_adnv.png\" alt=\"\" srcset=\"https:\/\/business.explorit.ch\/wp-content\/uploads\/2024\/02\/logo_adnv.png 420w, https:\/\/business.explorit.ch\/wp-content\/uploads\/2024\/02\/logo_adnv-300x86.png 300w\" width=\"420\" height=\"120\" \/>\n\t\t\t\t\t\t\t\t\t\t\t\t\t<\/figure>\n\t\t\t\t\t\t<figure>\n\t\t\t\t\t\t\t<img loading=\"lazy\" decoding=\"async\" src=\"https:\/\/business.explorit.ch\/wp-content\/uploads\/2024\/02\/logo-bni.png\" alt=\"\" srcset=\"https:\/\/business.explorit.ch\/wp-content\/uploads\/2024\/02\/logo-bni.png 363w, https:\/\/business.explorit.ch\/wp-content\/uploads\/2024\/02\/logo-bni-300x115.png 300w\" width=\"363\" height=\"139\" \/>\n\t\t\t\t\t\t\t\t\t\t\t\t\t<\/figure>\n\t\t\t\t\t\t<figure>\n\t\t\t\t\t\t\t<img loading=\"lazy\" decoding=\"async\" src=\"https:\/\/business.explorit.ch\/wp-content\/uploads\/2024\/02\/HEIG-VD_FR_Logotype_rouge-rvb-1.png\" alt=\"\" srcset=\"https:\/\/business.explorit.ch\/wp-content\/uploads\/2024\/02\/HEIG-VD_FR_Logotype_rouge-rvb-1.png 1920w, https:\/\/business.explorit.ch\/wp-content\/uploads\/2024\/02\/HEIG-VD_FR_Logotype_rouge-rvb-1-300x95.png 300w, https:\/\/business.explorit.ch\/wp-content\/uploads\/2024\/02\/HEIG-VD_FR_Logotype_rouge-rvb-1-1024x323.png 1024w, https:\/\/business.explorit.ch\/wp-content\/uploads\/2024\/02\/HEIG-VD_FR_Logotype_rouge-rvb-1-768x242.png 768w, https:\/\/business.explorit.ch\/wp-content\/uploads\/2024\/02\/HEIG-VD_FR_Logotype_rouge-rvb-1-1536x485.png 1536w\" width=\"1920\" height=\"606\" \/>\n\t\t\t\t\t\t\t\t\t\t\t\t\t<\/figure>\n\t\t\t\t\t\t<figure>\n\t\t\t\t\t\t\t<img loading=\"lazy\" decoding=\"async\" src=\"https:\/\/business.explorit.ch\/wp-content\/uploads\/2024\/02\/logo_ey.png\" alt=\"\" srcset=\"https:\/\/business.explorit.ch\/wp-content\/uploads\/2024\/02\/logo_ey.png 325w, https:\/\/business.explorit.ch\/wp-content\/uploads\/2024\/02\/logo_ey-300x143.png 300w\" width=\"325\" height=\"155\" \/>\n\t\t\t\t\t\t\t\t\t\t\t\t\t<\/figure>\n\t\t\t\t\t\t<figure>\n\t\t\t\t\t\t\t<img loading=\"lazy\" decoding=\"async\" src=\"https:\/\/business.explorit.ch\/wp-content\/uploads\/2024\/02\/Logo-ORP_8.2.19.png\" alt=\"\" srcset=\"https:\/\/business.explorit.ch\/wp-content\/uploads\/2024\/02\/Logo-ORP_8.2.19.png 340w, https:\/\/business.explorit.ch\/wp-content\/uploads\/2024\/02\/Logo-ORP_8.2.19-300x148.png 300w\" width=\"340\" height=\"168\" \/>\n\t\t\t\t\t\t\t\t\t\t\t\t\t<\/figure>\n\t\t\t\t\t\t<figure>\n\t\t\t\t\t\t\t<img loading=\"lazy\" decoding=\"async\" src=\"https:\/\/business.explorit.ch\/wp-content\/uploads\/2024\/02\/logo_randstad.png\" alt=\"\" srcset=\"https:\/\/business.explorit.ch\/wp-content\/uploads\/2024\/02\/logo_randstad.png 620w, https:\/\/business.explorit.ch\/wp-content\/uploads\/2024\/02\/logo_randstad-300x182.png 300w\" width=\"620\" height=\"376\" \/>\n\t\t\t\t\t\t\t\t\t\t\t\t\t<\/figure>\n\t\t\t\t\t\t<figure>\n\t\t\t\t\t\t\t<img loading=\"lazy\" decoding=\"async\" src=\"https:\/\/business.explorit.ch\/wp-content\/uploads\/2024\/02\/Logo_Swisscom.svg.png\" alt=\"\" srcset=\"https:\/\/business.explorit.ch\/wp-content\/uploads\/2024\/02\/Logo_Swisscom.svg.png 1200w, https:\/\/business.explorit.ch\/wp-content\/uploads\/2024\/02\/Logo_Swisscom.svg-300x117.png 300w, https:\/\/business.explorit.ch\/wp-content\/uploads\/2024\/02\/Logo_Swisscom.svg-1024x399.png 1024w, https:\/\/business.explorit.ch\/wp-content\/uploads\/2024\/02\/Logo_Swisscom.svg-768x300.png 768w\" width=\"1200\" height=\"468\" \/>\n\t\t\t\t\t\t\t\t\t\t\t\t\t<\/figure>\n\t\t\t\t\t\t<figure>\n\t\t\t\t\t\t\t<img loading=\"lazy\" decoding=\"async\" src=\"https:\/\/business.explorit.ch\/wp-content\/uploads\/2024\/02\/logo_leclanche.png\" alt=\"\" srcset=\"https:\/\/business.explorit.ch\/wp-content\/uploads\/2024\/02\/logo_leclanche.png 470w, https:\/\/business.explorit.ch\/wp-content\/uploads\/2024\/02\/logo_leclanche-300x68.png 300w\" width=\"470\" height=\"107\" \/>\n\t\t\t\t\t\t\t\t\t\t\t\t\t<\/figure>\n\t\t\t\t\t\t<figure>\n\t\t\t\t\t\t\t<img loading=\"lazy\" decoding=\"async\" src=\"https:\/\/business.explorit.ch\/wp-content\/uploads\/2024\/02\/Logo_cvci.png\" alt=\"\" srcset=\"https:\/\/business.explorit.ch\/wp-content\/uploads\/2024\/02\/Logo_cvci.png 389w, https:\/\/business.explorit.ch\/wp-content\/uploads\/2024\/02\/Logo_cvci-300x99.png 300w\" width=\"389\" height=\"129\" \/>\n\t\t\t\t\t\t\t\t\t\t\t\t\t<\/figure>\n\t\t\t\t\t\t<figure>\n\t\t\t\t\t\t\t<img loading=\"lazy\" decoding=\"async\" src=\"https:\/\/business.explorit.ch\/wp-content\/uploads\/2024\/03\/comforce_ag_logo.jpg\" alt=\"\" srcset=\"https:\/\/business.explorit.ch\/wp-content\/uploads\/2024\/03\/comforce_ag_logo.jpg 399w, https:\/\/business.explorit.ch\/wp-content\/uploads\/2024\/03\/comforce_ag_logo-300x111.jpg 300w\" width=\"399\" height=\"147\" \/>\n\t\t\t\t\t\t\t\t\t\t\t\t\t<\/figure>\n\t\t\t\t\t\t<figure>\n\t\t\t\t\t\t\t<img loading=\"lazy\" decoding=\"async\" src=\"https:\/\/business.explorit.ch\/wp-content\/uploads\/2024\/03\/Credit_Suisse_Logo.svg.png\" alt=\"\" srcset=\"https:\/\/business.explorit.ch\/wp-content\/uploads\/2024\/03\/Credit_Suisse_Logo.svg.png 2560w, https:\/\/business.explorit.ch\/wp-content\/uploads\/2024\/03\/Credit_Suisse_Logo.svg-300x67.png 300w, https:\/\/business.explorit.ch\/wp-content\/uploads\/2024\/03\/Credit_Suisse_Logo.svg-1024x229.png 1024w, https:\/\/business.explorit.ch\/wp-content\/uploads\/2024\/03\/Credit_Suisse_Logo.svg-768x172.png 768w, https:\/\/business.explorit.ch\/wp-content\/uploads\/2024\/03\/Credit_Suisse_Logo.svg-1536x343.png 1536w, https:\/\/business.explorit.ch\/wp-content\/uploads\/2024\/03\/Credit_Suisse_Logo.svg-2048x458.png 2048w\" width=\"2560\" height=\"572\" \/>\n\t\t\t\t\t\t\t\t\t\t\t\t\t<\/figure>\n\t\t\t\t\t\t<figure>\n\t\t\t\t\t\t\t<img loading=\"lazy\" decoding=\"async\" src=\"https:\/\/business.explorit.ch\/wp-content\/uploads\/2024\/03\/securitas.png\" alt=\"\" srcset=\"https:\/\/business.explorit.ch\/wp-content\/uploads\/2024\/03\/securitas.png 500w, https:\/\/business.explorit.ch\/wp-content\/uploads\/2024\/03\/securitas-300x120.png 300w\" width=\"500\" height=\"200\" \/>\n\t\t\t\t\t\t\t\t\t\t\t\t\t<\/figure>\n\t\t\t\t\t\t<figure>\n\t\t\t\t\t\t\t<img loading=\"lazy\" decoding=\"async\" src=\"https:\/\/business.explorit.ch\/wp-content\/uploads\/2024\/03\/schindler-logo.png\" alt=\"\" srcset=\"https:\/\/business.explorit.ch\/wp-content\/uploads\/2024\/03\/schindler-logo.png 1120w, https:\/\/business.explorit.ch\/wp-content\/uploads\/2024\/03\/schindler-logo-300x169.png 300w, https:\/\/business.explorit.ch\/wp-content\/uploads\/2024\/03\/schindler-logo-1024x576.png 1024w, https:\/\/business.explorit.ch\/wp-content\/uploads\/2024\/03\/schindler-logo-768x432.png 768w\" width=\"1120\" height=\"630\" \/>\n\t\t\t\t\t\t\t\t\t\t\t\t\t<\/figure>\n\t\t\t\t\t\t<figure>\n\t\t\t\t\t\t\t<img loading=\"lazy\" decoding=\"async\" src=\"https:\/\/business.explorit.ch\/wp-content\/uploads\/2024\/03\/yhotel-1.png\" alt=\"\" srcset=\"https:\/\/business.explorit.ch\/wp-content\/uploads\/2024\/03\/yhotel-1.png 483w, https:\/\/business.explorit.ch\/wp-content\/uploads\/2024\/03\/yhotel-1-300x168.png 300w\" width=\"483\" height=\"271\" \/>\n\t\t\t\t\t\t\t\t\t\t\t\t\t<\/figure>\n\t\t\t\t\t\t<h4>Kontaktieren Sie uns<\/h4>\t\t\t\t\t\n\t\t\t\t\t\t\t<img loading=\"lazy\" decoding=\"async\" src=\"https:\/\/business.explorit.ch\/wp-content\/uploads\/2020\/03\/title-line.png\" alt=\"title-line\" width=\"60\" height=\"2\" \/>\n\t\t\t<p>Fordern Sie ein Angebot an oder treffen Sie uns, damit Sie unsere R\u00e4umlichkeiten besichtigen k\u00f6nnen.<\/p>\t\t\n\t\t<h2>\n\t\t\tInteressiert?\n\t\t<\/h2>\n\t\t\t<p><strong>Bei Fragen:<\/strong><br \/>+41 (0)24 552 04 46<br \/><a href=\"mailto:event@explorit.ch\">event@explorit.ch<\/a><strong>Adresse: <\/strong><br \/>EXPLORiT<br \/>Avenue des D\u00e9couvertes 3<br \/>1400 Yverdon-les-Bains<br \/>Schweiz<\/p>\t\t\n<p><b>Folgen Sie uns auf LinkedIn:<\/b><\/p>\n\t\t<link itemprop=\"url\" href=\"https:\/\/business.explorit.ch\"\/>\n\t\t<a itemprop=\"sameAs\" href=\"https:\/\/www.linkedin.com\/company\/explorit-business\/\" target=\"_self\" title=\"LinkedIn\" aria-label=\"LinkedIn\" role=\"button\">\n\t\t\t\t\t<\/a>\n\t<iframe src=\"https:\/\/www.google.com\/maps\/embed\/v1\/place?q=EXPLORiT+Unternehmen+und+Dienstleistungen&#038;key=AIzaSyD09zQ9PNDNNy9TadMuzRV_UsPUoWKntt8\" aria-hidden=\"true\"><\/iframe>\n\n","protected":false},"excerpt":{"rendered":"<p>Verf\u00fcgbare Fl\u00e4che EXPLORiT ist Ihr neuer Ort der Inspiration f\u00fcr alle Ihre Seminare, Tagungen, Konferenzen, Workshops und sonstigen Veranstaltungen. Mit EXPLORiT werden Ihre Firmenveranstaltung, Ihr Brainstorming-Meeting oder Ihre Teambuilding-Session zu einem magischen Erlebnis. Sie haben die Wahl zwischen verschiedenen R\u00e4umlichkeiten. Vom Besprechungsraum \u00fcber Pr\u00e4sentations- und Konferenzr\u00e4ume bis hin zu prestigetr\u00e4chtigen Cocktailempf\u00e4ngen und unterhaltsamen Ausfl\u00fcgen. Individuell&hellip;<\/p>\n","protected":false},"author":1,"featured_media":0,"parent":0,"menu_order":0,"comment_status":"closed","ping_status":"closed","template":"","meta":{"footnotes":""},"class_list":["post-2822","page","type-page","status-publish","hentry"],"_links":{"self":[{"href":"https:\/\/business.explorit.ch\/de\/wp-json\/wp\/v2\/pages\/2822","targetHints":{"allow":["GET"]}}],"collection":[{"href":"https:\/\/business.explorit.ch\/de\/wp-json\/wp\/v2\/pages"}],"about":[{"href":"https:\/\/business.explorit.ch\/de\/wp-json\/wp\/v2\/types\/page"}],"author":[{"embeddable":true,"href":"https:\/\/business.explorit.ch\/de\/wp-json\/wp\/v2\/users\/1"}],"replies":[{"embeddable":true,"href":"https:\/\/business.explorit.ch\/de\/wp-json\/wp\/v2\/comments?post=2822"}],"version-history":[{"count":2,"href":"https:\/\/business.explorit.ch\/de\/wp-json\/wp\/v2\/pages\/2822\/revisions"}],"predecessor-version":[{"id":3123,"href":"https:\/\/business.explorit.ch\/de\/wp-json\/wp\/v2\/pages\/2822\/revisions\/3123"}],"wp:attachment":[{"href":"https:\/\/business.explorit.ch\/de\/wp-json\/wp\/v2\/media?parent=2822"}],"curies":[{"name":"wp","href":"https:\/\/api.w.org\/{rel}","templated":true}]}}