{"id":2778,"date":"2025-09-30T11:00:55","date_gmt":"2025-09-30T09:00:55","guid":{"rendered":"https:\/\/business.explorit.ch\/explorit\/"},"modified":"2026-02-09T10:02:13","modified_gmt":"2026-02-09T09:02:13","slug":"explorit","status":"publish","type":"page","link":"https:\/\/business.explorit.ch\/de\/","title":{"rendered":"EXPLORiT"},"content":{"rendered":"\n\n\t\t<h2>\n\t\t\tWer sind wir?\n\t\t<\/h2>\n\t\t\t<p>EXPLORiT ist ein multifunktionales Zentrum, das Ihnen einen Coworking Space, Tagungs- und Veranstaltungsr\u00e4ume, einen Catering-Service vor Ort und eine Vielzahl von lokalen Dienstleistungen bietet.<br \/>Situ\u00e9 au c\u0153ur de la Suisse Romande et du parc technologique d&#8217;Yverdon-les-Bains, Y-Parc. <\/p>\t\t\n\t\t\t\t<img decoding=\"async\" src=\"https:\/\/business.explorit.ch\/wp-content\/uploads\/2020\/06\/cropped-favicon.png\" alt=\"https:\/\/business.explorit.ch\/wp-content\/uploads\/2020\/06\/cropped-favicon.png\" itemprop=\"image\" height=\"512\" width=\"512\" title=\"cropped-favicon.png\" onerror=\"this.style.display='none'\" loading=\"lazy\" \/>\n\t\t\t<a href=\"https:\/\/business.explorit.ch\/de\/verfuegbare-flaechen\/\" target=\"_self\">\n\t\t\t\t\t\t\t<img loading=\"lazy\" decoding=\"async\" src=\"https:\/\/business.explorit.ch\/wp-content\/uploads\/2024\/03\/Design-sans-titre-2.png\" alt=\"bureau\" width=\"150\" height=\"150\" \/>\n\t\t\t\t\t\t<h4>B\u00fcros zu vermieten<\/h4>\t\t\t\t\t\n\t\t<\/a>\n\t\t\t<a href=\"https:\/\/business.explorit.ch\/de\/veranstaltungsraume\/\" target=\"_self\">\n\t\t\t\t\t\t\t<img loading=\"lazy\" decoding=\"async\" src=\"https:\/\/business.explorit.ch\/wp-content\/uploads\/2024\/03\/Design-sans-titre-4.png\" alt=\"conf\u00e9rences\" width=\"150\" height=\"150\" \/>\n\t\t\t\t\t\t<h4>Konferenzr\u00e4ume<\/h4>\t\t\t\t\t\n\t\t<\/a>\n\t\t\t<a href=\"https:\/\/business.explorit.ch\/de\/hochzeiten\/\" target=\"_self\">\n\t\t\t\t\t\t\t<img loading=\"lazy\" decoding=\"async\" src=\"https:\/\/business.explorit.ch\/wp-content\/uploads\/2025\/03\/mariage_rond.png\" alt=\"mariage_rond\" width=\"587\" height=\"590\" \/>\n\t\t\t\t\t\t<h4>Hochzeiten<\/h4>\t\t\t\t\t\n\t\t<\/a>\n\t\t\t<a href=\"https:\/\/business.explorit.ch\/de\/caterer\/\" target=\"_self\">\n\t\t\t\t\t\t\t<img loading=\"lazy\" decoding=\"async\" src=\"https:\/\/business.explorit.ch\/wp-content\/uploads\/2024\/03\/Design-sans-titre-5.png\" alt=\"Design sans titre (5)\" width=\"150\" height=\"150\" \/>\n\t\t\t\t\t\t<h4>Catering-Service<\/h4>\t\t\t\t\t\n\t\t<\/a>\n\t\t\t<a href=\"https:\/\/explorit.ch\/loisirs\/\" target=\"_blank\">\n\t\t\t\t\t\t\t<img loading=\"lazy\" decoding=\"async\" src=\"https:\/\/business.explorit.ch\/wp-content\/uploads\/2024\/03\/Design-sans-titre-3.png\" alt=\"Design sans titre (3)\" width=\"150\" height=\"150\" \/>\n\t\t\t\t\t\t<h4>Freizeit &amp; Unterhaltung<\/h4>\t\t\t\t\t\n\t\t<\/a>\n\t\t<h3>\n\t\t\tSie haben uns vertraut\n\t\t<\/h3>\n\t\t\t\t\t\t<figure>\n\t\t\t\t\t\t\t<img loading=\"lazy\" decoding=\"async\" src=\"https:\/\/business.explorit.ch\/wp-content\/uploads\/2024\/03\/yhotel-1.png\" alt=\"\" srcset=\"https:\/\/business.explorit.ch\/wp-content\/uploads\/2024\/03\/yhotel-1.png 483w, https:\/\/business.explorit.ch\/wp-content\/uploads\/2024\/03\/yhotel-1-300x168.png 300w\" width=\"483\" height=\"271\" \/>\n\t\t\t\t\t\t\t\t\t\t\t\t\t<\/figure>\n\t\t\t\t\t\t<figure>\n\t\t\t\t\t\t\t<img loading=\"lazy\" decoding=\"async\" src=\"https:\/\/business.explorit.ch\/wp-content\/uploads\/2024\/03\/securitas.png\" alt=\"\" srcset=\"https:\/\/business.explorit.ch\/wp-content\/uploads\/2024\/03\/securitas.png 500w, https:\/\/business.explorit.ch\/wp-content\/uploads\/2024\/03\/securitas-300x120.png 300w\" width=\"500\" height=\"200\" \/>\n\t\t\t\t\t\t\t\t\t\t\t\t\t<\/figure>\n\t\t\t\t\t\t<figure>\n\t\t\t\t\t\t\t<img loading=\"lazy\" decoding=\"async\" src=\"https:\/\/business.explorit.ch\/wp-content\/uploads\/2024\/03\/Credit_Suisse_Logo.svg-1024x229.png\" alt=\"\" srcset=\"https:\/\/business.explorit.ch\/wp-content\/uploads\/2024\/03\/Credit_Suisse_Logo.svg-1024x229.png 1024w, https:\/\/business.explorit.ch\/wp-content\/uploads\/2024\/03\/Credit_Suisse_Logo.svg-300x67.png 300w, https:\/\/business.explorit.ch\/wp-content\/uploads\/2024\/03\/Credit_Suisse_Logo.svg-768x172.png 768w, https:\/\/business.explorit.ch\/wp-content\/uploads\/2024\/03\/Credit_Suisse_Logo.svg-1536x343.png 1536w, https:\/\/business.explorit.ch\/wp-content\/uploads\/2024\/03\/Credit_Suisse_Logo.svg-2048x458.png 2048w\" width=\"1024\" height=\"229\" \/>\n\t\t\t\t\t\t\t\t\t\t\t\t\t<\/figure>\n\t\t\t\t\t\t<figure>\n\t\t\t\t\t\t\t<img loading=\"lazy\" decoding=\"async\" src=\"https:\/\/business.explorit.ch\/wp-content\/uploads\/2024\/02\/logo_eHnv_full.png\" alt=\"\" srcset=\"https:\/\/business.explorit.ch\/wp-content\/uploads\/2024\/02\/logo_eHnv_full.png 352w, https:\/\/business.explorit.ch\/wp-content\/uploads\/2024\/02\/logo_eHnv_full-300x72.png 300w\" width=\"352\" height=\"84\" \/>\n\t\t\t\t\t\t\t\t\t\t\t\t\t<\/figure>\n\t\t\t\t\t\t<figure>\n\t\t\t\t\t\t\t<img loading=\"lazy\" decoding=\"async\" src=\"https:\/\/business.explorit.ch\/wp-content\/uploads\/2024\/03\/comforce_ag_logo.jpg\" alt=\"\" srcset=\"https:\/\/business.explorit.ch\/wp-content\/uploads\/2024\/03\/comforce_ag_logo.jpg 399w, https:\/\/business.explorit.ch\/wp-content\/uploads\/2024\/03\/comforce_ag_logo-300x111.jpg 300w\" width=\"399\" height=\"147\" \/>\n\t\t\t\t\t\t\t\t\t\t\t\t\t<\/figure>\n\t\t\t\t\t\t<figure>\n\t\t\t\t\t\t\t<img loading=\"lazy\" decoding=\"async\" src=\"https:\/\/business.explorit.ch\/wp-content\/uploads\/2024\/02\/Logo_cvci.png\" alt=\"\" srcset=\"https:\/\/business.explorit.ch\/wp-content\/uploads\/2024\/02\/Logo_cvci.png 389w, https:\/\/business.explorit.ch\/wp-content\/uploads\/2024\/02\/Logo_cvci-300x99.png 300w\" width=\"389\" height=\"129\" \/>\n\t\t\t\t\t\t\t\t\t\t\t\t\t<\/figure>\n\t\t\t\t\t\t<figure>\n\t\t\t\t\t\t\t<img loading=\"lazy\" decoding=\"async\" src=\"https:\/\/business.explorit.ch\/wp-content\/uploads\/2024\/02\/logo_leclanche.png\" alt=\"\" srcset=\"https:\/\/business.explorit.ch\/wp-content\/uploads\/2024\/02\/logo_leclanche.png 470w, https:\/\/business.explorit.ch\/wp-content\/uploads\/2024\/02\/logo_leclanche-300x68.png 300w\" width=\"470\" height=\"107\" \/>\n\t\t\t\t\t\t\t\t\t\t\t\t\t<\/figure>\n\t\t\t\t\t\t<figure>\n\t\t\t\t\t\t\t<img loading=\"lazy\" decoding=\"async\" src=\"https:\/\/business.explorit.ch\/wp-content\/uploads\/2024\/02\/Logo_Swisscom.svg-1024x399.png\" alt=\"\" srcset=\"https:\/\/business.explorit.ch\/wp-content\/uploads\/2024\/02\/Logo_Swisscom.svg-1024x399.png 1024w, https:\/\/business.explorit.ch\/wp-content\/uploads\/2024\/02\/Logo_Swisscom.svg-300x117.png 300w, https:\/\/business.explorit.ch\/wp-content\/uploads\/2024\/02\/Logo_Swisscom.svg-768x300.png 768w, https:\/\/business.explorit.ch\/wp-content\/uploads\/2024\/02\/Logo_Swisscom.svg.png 1200w\" width=\"1024\" height=\"399\" \/>\n\t\t\t\t\t\t\t\t\t\t\t\t\t<\/figure>\n\t\t\t\t\t\t<figure>\n\t\t\t\t\t\t\t<img loading=\"lazy\" decoding=\"async\" src=\"https:\/\/business.explorit.ch\/wp-content\/uploads\/2024\/02\/Y-PARC_Logo_CMJN.png\" alt=\"\" srcset=\"https:\/\/business.explorit.ch\/wp-content\/uploads\/2024\/02\/Y-PARC_Logo_CMJN.png 925w, https:\/\/business.explorit.ch\/wp-content\/uploads\/2024\/02\/Y-PARC_Logo_CMJN-300x99.png 300w, https:\/\/business.explorit.ch\/wp-content\/uploads\/2024\/02\/Y-PARC_Logo_CMJN-768x254.png 768w\" width=\"925\" height=\"306\" \/>\n\t\t\t\t\t\t\t\t\t\t\t\t\t<\/figure>\n\t\t\t\t\t\t<figure>\n\t\t\t\t\t\t\t<img loading=\"lazy\" decoding=\"async\" src=\"https:\/\/business.explorit.ch\/wp-content\/uploads\/2024\/02\/logo_randstad.png\" alt=\"\" srcset=\"https:\/\/business.explorit.ch\/wp-content\/uploads\/2024\/02\/logo_randstad.png 620w, https:\/\/business.explorit.ch\/wp-content\/uploads\/2024\/02\/logo_randstad-300x182.png 300w\" width=\"620\" height=\"376\" \/>\n\t\t\t\t\t\t\t\t\t\t\t\t\t<\/figure>\n\t\t\t\t\t\t<figure>\n\t\t\t\t\t\t\t<img loading=\"lazy\" decoding=\"async\" src=\"https:\/\/business.explorit.ch\/wp-content\/uploads\/2024\/02\/Logo-ORP_8.2.19.png\" alt=\"\" srcset=\"https:\/\/business.explorit.ch\/wp-content\/uploads\/2024\/02\/Logo-ORP_8.2.19.png 340w, https:\/\/business.explorit.ch\/wp-content\/uploads\/2024\/02\/Logo-ORP_8.2.19-300x148.png 300w\" width=\"340\" height=\"168\" \/>\n\t\t\t\t\t\t\t\t\t\t\t\t\t<\/figure>\n\t\t\t\t\t\t<figure>\n\t\t\t\t\t\t\t<img loading=\"lazy\" decoding=\"async\" src=\"https:\/\/business.explorit.ch\/wp-content\/uploads\/2024\/02\/logo_ey.png\" alt=\"\" srcset=\"https:\/\/business.explorit.ch\/wp-content\/uploads\/2024\/02\/logo_ey.png 325w, https:\/\/business.explorit.ch\/wp-content\/uploads\/2024\/02\/logo_ey-300x143.png 300w\" width=\"325\" height=\"155\" \/>\n\t\t\t\t\t\t\t\t\t\t\t\t\t<\/figure>\n\t\t\t\t\t\t<figure>\n\t\t\t\t\t\t\t<img loading=\"lazy\" decoding=\"async\" src=\"https:\/\/business.explorit.ch\/wp-content\/uploads\/2024\/02\/HEIG-VD_FR_Logotype_rouge-rvb-1-1024x323.png\" alt=\"\" srcset=\"https:\/\/business.explorit.ch\/wp-content\/uploads\/2024\/02\/HEIG-VD_FR_Logotype_rouge-rvb-1-1024x323.png 1024w, https:\/\/business.explorit.ch\/wp-content\/uploads\/2024\/02\/HEIG-VD_FR_Logotype_rouge-rvb-1-300x95.png 300w, https:\/\/business.explorit.ch\/wp-content\/uploads\/2024\/02\/HEIG-VD_FR_Logotype_rouge-rvb-1-768x242.png 768w, https:\/\/business.explorit.ch\/wp-content\/uploads\/2024\/02\/HEIG-VD_FR_Logotype_rouge-rvb-1-1536x485.png 1536w, https:\/\/business.explorit.ch\/wp-content\/uploads\/2024\/02\/HEIG-VD_FR_Logotype_rouge-rvb-1.png 1920w\" width=\"1024\" height=\"323\" \/>\n\t\t\t\t\t\t\t\t\t\t\t\t\t<\/figure>\n\t\t\t\t\t\t<figure>\n\t\t\t\t\t\t\t<img loading=\"lazy\" decoding=\"async\" src=\"https:\/\/business.explorit.ch\/wp-content\/uploads\/2024\/03\/schindler-logo-1024x576.png\" alt=\"\" srcset=\"https:\/\/business.explorit.ch\/wp-content\/uploads\/2024\/03\/schindler-logo-1024x576.png 1024w, https:\/\/business.explorit.ch\/wp-content\/uploads\/2024\/03\/schindler-logo-300x169.png 300w, https:\/\/business.explorit.ch\/wp-content\/uploads\/2024\/03\/schindler-logo-768x432.png 768w, https:\/\/business.explorit.ch\/wp-content\/uploads\/2024\/03\/schindler-logo.png 1120w\" width=\"1024\" height=\"576\" \/>\n\t\t\t\t\t\t\t\t\t\t\t\t\t<\/figure>\n\t\t\t\t\t\t<figure>\n\t\t\t\t\t\t\t<img loading=\"lazy\" decoding=\"async\" src=\"https:\/\/business.explorit.ch\/wp-content\/uploads\/2024\/02\/logo-bni.png\" alt=\"\" srcset=\"https:\/\/business.explorit.ch\/wp-content\/uploads\/2024\/02\/logo-bni.png 363w, https:\/\/business.explorit.ch\/wp-content\/uploads\/2024\/02\/logo-bni-300x115.png 300w\" width=\"363\" height=\"139\" \/>\n\t\t\t\t\t\t\t\t\t\t\t\t\t<\/figure>\n\t\t\t\t\t\t<figure>\n\t\t\t\t\t\t\t<img loading=\"lazy\" decoding=\"async\" src=\"https:\/\/business.explorit.ch\/wp-content\/uploads\/2024\/02\/logo_adnv.png\" alt=\"\" srcset=\"https:\/\/business.explorit.ch\/wp-content\/uploads\/2024\/02\/logo_adnv.png 420w, https:\/\/business.explorit.ch\/wp-content\/uploads\/2024\/02\/logo_adnv-300x86.png 300w\" width=\"420\" height=\"120\" \/>\n\t\t\t\t\t\t\t\t\t\t\t\t\t<\/figure>\n\t\t\t\t\t\t<figure>\n\t\t\t\t\t\t\t<img loading=\"lazy\" decoding=\"async\" src=\"https:\/\/business.explorit.ch\/wp-content\/uploads\/2024\/02\/logo_unisante.png\" alt=\"\" srcset=\"https:\/\/business.explorit.ch\/wp-content\/uploads\/2024\/02\/logo_unisante.png 359w, https:\/\/business.explorit.ch\/wp-content\/uploads\/2024\/02\/logo_unisante-300x117.png 300w\" width=\"359\" height=\"140\" \/>\n\t\t\t\t\t\t\t\t\t\t\t\t\t<\/figure>\n\t\t<h3>\n\t\t\tErfahrungsberichte\n\t\t<\/h3>\n\t\t\t<p><strong>\u201eWir bedanken uns f\u00fcr die Organisation unserer gestrigen Veranstaltung bei Explorit. Unsere G\u00e4ste und wir selbst hatten eine gro\u00dfartige Zeit. Abgesehen vom Wetter, das uns hold war, war alles perfekt: Der Ort, die Gestaltung, der Cocktailempfang und die Getr\u00e4nke wurden sehr gesch\u00e4tzt, ebenso wie die Hilfsbereitschaft, Professionalit\u00e4t und Freundlichkeit des Personals. Vielen Dank an Sie und Ihre Mitarbeiter.&#8220;<\/strong><strong>David PELLEGRINI,<\/strong><br \/><strong>CloudEdge<br \/>September 2025<br \/><\/strong><\/p>\t\t\n\t\t\t<p><em><strong>\u00ab Alles ist sehr gut gelaufen und wir danken dem gesamten Team von CineStudio und Explorit f\u00fcr ihre Mitarbeit zum Erfolg dieser Veranstaltung. \u00bb<\/strong><\/em><br \/><strong>Jean-Marc Ferrara<\/strong><br \/><strong>Club d&#8217;\u00e9checs Yverdon<\/strong><br \/>September 2025<\/p>\t\t\n\t\t\t<p><em><strong>\u00ab<\/strong><strong>Ich m\u00f6chte Ihnen f\u00fcr die Organisation unserer Veranstaltung danken. Das gesamte Team war eine gro\u00dfe Hilfe.  <\/strong><\/em><em><strong>Wir freuen uns auf die zuk\u00fcnftige Zusammenarbeit.<\/strong><strong> \u00bb<\/strong><\/em><strong>Nina Nguon, PhD<\/strong><br \/><strong>Suisselle<\/strong><br \/><b>Mai 2025<\/b><\/p>\t\t\n\t\t\t<p><em><strong>\u201eAlles lief gut, der Saal, das Essen, es war super, die Leute waren begeistert.&#8220;<\/strong><\/em><b><strong>David Padilla<\/strong><br \/>Directeur, AllianceImmo Suisse<br \/>Mai 2025<\/b><\/p>\t\t\n\t\t\t<p><strong>&#8222;<em>Im Namen des Y-PARC-Teams m\u00f6chte ich Ihnen herzlich f\u00fcr die Veranstaltung heute Morgen bei EXPLORiT danken. Die Koordination Ihrerseits war hervorragend und die Leistungen entsprachen unseren Erwartungen. <\/em><\/strong><strong>&#8222;<\/strong><b>Mathieu Demont<br \/>Y-Parc<br \/>Mai 2025<\/b><\/p>\t\t\n\t\t\t<p><strong><em>\u201eEs war absolut perfekt f\u00fcr unsere Dreharbeiten! Tausend Dank f\u00fcr die Gastfreundschaft.&#8220;<\/em><\/strong><strong>Justine Viret<\/strong><br \/><strong>Journaliste <\/strong><br \/><strong>RTS<br \/>April 2025<\/strong><\/p>\t\t\n\t\t\t<p><strong>&#8222;<em>Vielen Dank f\u00fcr Ihre Hilfe, die Veranstaltung war wirklich gro\u00dfartig. Alles war perfekt. <\/em>&#8222;<\/strong><strong>Rapha\u00ebl Domjan<\/strong><br \/><strong>Pr\u00e9sident et pilote<\/strong><br \/><strong>SolarXplorers SA<br \/>April 2025<\/strong><\/p>\t\t\n\t\t\t<p><strong>\u00ab <em>Ich m\u00f6chte Ihnen f\u00fcr Ihren Empfang bei dieser Veranstaltung danken. Das Feedback der Teilnehmer war sehr positiv, wor\u00fcber wir uns sehr freuen. <\/em> \u00bb<\/strong><strong>Cindy da Silva <\/strong><br \/><strong>Administration et finances<\/strong><br \/><strong>SolarXplorers SA<\/strong><\/p>\t\t\n\t\t\t<p><strong>&#8222;<em> Alle waren sehr zufrieden und die Veranstaltung hat unsere Erwartungen voll erf\u00fcllt. Vielen Dank! <\/em> &#8220; <\/strong><strong>DIMAB<\/strong><\/p>\t\t\n\t\t\t<p><strong><em>\u201eIch danke Ihnen f\u00fcr die Organisation unserer Veranstaltung, die von unseren Mitgliedern und uns sehr gesch\u00e4tzt wurde. Es war ein voller Erfolg.&#8220;<\/em><\/strong><strong>Unia<\/strong><\/p>\t\t\n\t\t\t<p><strong>&#8222;<em>Ich danke Ihnen herzlich f\u00fcr die Organisation und die Qualit\u00e4t des gestrigen Abends. Solche Gelegenheiten zum Feiern sind relativ selten und daher besonders wertvoll. <\/em> &#8222;<\/strong><\/p>\n<p>APSIP<\/p>\n\t\t<h2>\n\t\t\tUnsere Highlights\n\t\t<\/h2>\n\t\t<h2>\n\t\t\tDienstleistungen &amp; Services\n\t\t<\/h2>\n\t\t<h2>\n\t\t\tBEAM ME UP\n\t\t<\/h2>\n\t\t<h2>\n\t\t\tUnser Coworking Space hei\u00dft Ihr Start-up- oder Wachstumsunternehmen willkommen und bietet f\u00fcr jedes Gesch\u00e4ftsmodell eine ma\u00dfgeschneiderte L\u00f6sung. \n\t\t<\/h2>\n\t\t\t<p>Unsere modularen R\u00e4umlichkeiten befinden sich im Herzen des Technologie- und Innovationszentrums Y-Parc in Yverdon-les-Bains und erf\u00fcllen alle Anforderungen: Einzelarbeitspl\u00e4tze oder Arbeitspl\u00e4tze f\u00fcr alle Ihre Mitarbeiter, dauerhaft oder flexibel, ganz nach Ihrem Zeitplan.<\/p>\t\t\n\t\t\t<a href=\"https:\/\/business.explorit.ch\/de\/coworking-space\/\" target=\"_self\">\n\t\t\t\t\t\t\tCoworking Space\n\t\t\t\t\t<\/a>\n\t\t<h2>\n\t\t\tEXPLORiA\n\t\t<\/h2>\n\t\t<h2>\n\t\t\tEXPLORiA ist Ihr neuer Ort der Inspiration f\u00fcr alle Ihre Seminare, Tagungen, Konferenzen, Workshops und sonstigen Veranstaltungen.\n\t\t<\/h2>\n\t\t\t<p>Ein modularer Saal mit einer maximalen Kapazit\u00e4t von 300 Sitzpl\u00e4tzen, dessen Atmosph\u00e4re die Kreativit\u00e4t seiner Besucher anregt und motiviert. Wir bieten Ihnen eine neue Vision, um Ver\u00e4nderungen und Fantasie zu begleiten und zu f\u00f6rdern. Der Entdeckergeist gro\u00dfer Forscher und Pioniere spiegelt sich in der Innenarchitektur und im Design des Kongresszentrums wider und hilft so jedem Einzelnen, vision\u00e4r zu denken und zu handeln.  <\/p>\t\t\n\t\t\t<a href=\"https:\/\/business.explorit.ch\/de\/veranstaltungsraume\/\" target=\"_self\">\n\t\t\t\t\t\t\tErfahren Sie mehr \u00fcber unsere R\u00e4ume\n\t\t\t\t\t<\/a>\n\t\t\t\t\t\t<h4>Unsere letzten Veranstaltungen<\/h4>\t\t\t\t\t\n\t\t\t\t\t\t\t<img loading=\"lazy\" decoding=\"async\" src=\"https:\/\/business.explorit.ch\/wp-content\/uploads\/2020\/03\/title-line.png\" alt=\"title-line\" width=\"60\" height=\"2\" \/>\n\t\t\t\t\t\t\t<img loading=\"lazy\" decoding=\"async\" src=\"https:\/\/business.explorit.ch\/wp-content\/uploads\/2025\/09\/PHOTO-2025-09-11-08-56-475.jpg\" alt=\"PHOTO-2025-09-11-08-56-475\" width=\"1600\" height=\"1200\" \/>\n\t\t\t\t\t\t<h4>CSS<\/h4>\t\t\t\t\t\n\t\t\t<p><strong>Versammlung und Teambuilding <\/strong><strong>Salle Exploria, Biotope<\/strong><\/p>\t\t\n\t\t\t\t\t\t\t<img loading=\"lazy\" decoding=\"async\" src=\"https:\/\/business.explorit.ch\/wp-content\/uploads\/2024\/03\/Securitas.jpg\" alt=\"Securitas\" width=\"920\" height=\"722\" \/>\n\t\t\t\t\t\t<h4>Securitas SA<\/h4>\t\t\t\t\t\n\t\t\t<p><strong>F\u00fchrungskr\u00e4ftetag der Securitas AG<\/strong><strong>Salle Exploria<\/strong><\/p>\t\t\n\t\t\t\t\t\t\t<img loading=\"lazy\" decoding=\"async\" src=\"https:\/\/business.explorit.ch\/wp-content\/uploads\/2024\/10\/Images-Events-SiteWeb-2.jpg\" alt=\"Images Events SiteWeb (2)\" width=\"920\" height=\"722\" \/>\n\t\t\t\t\t\t<h4>Prometerre<\/h4>\t\t\t\t\t\n\t\t\t<p><strong>J\u00e4hrliches Seminar <\/strong><strong>Salle Exploria<\/strong><\/p>\t\t\n\n","protected":false},"excerpt":{"rendered":"<p>Wer sind wir? EXPLORiT ist ein multifunktionales Zentrum, das Ihnen einen Coworking Space, Tagungs- und Veranstaltungsr\u00e4ume, einen Catering-Service vor Ort und eine Vielzahl von lokalen Dienstleistungen bietet.Situ\u00e9 au c\u0153ur de la Suisse Romande et du parc technologique d&#8217;Yverdon-les-Bains, Y-Parc. B\u00fcros zu vermieten Konferenzr\u00e4ume Hochzeiten Catering-Service Freizeit &amp; Unterhaltung Sie haben uns vertraut Erfahrungsberichte \u201eWir bedanken&hellip;<\/p>\n","protected":false},"author":1,"featured_media":0,"parent":0,"menu_order":0,"comment_status":"closed","ping_status":"closed","template":"","meta":{"footnotes":""},"class_list":["post-2778","page","type-page","status-publish","hentry"],"_links":{"self":[{"href":"https:\/\/business.explorit.ch\/de\/wp-json\/wp\/v2\/pages\/2778","targetHints":{"allow":["GET"]}}],"collection":[{"href":"https:\/\/business.explorit.ch\/de\/wp-json\/wp\/v2\/pages"}],"about":[{"href":"https:\/\/business.explorit.ch\/de\/wp-json\/wp\/v2\/types\/page"}],"author":[{"embeddable":true,"href":"https:\/\/business.explorit.ch\/de\/wp-json\/wp\/v2\/users\/1"}],"replies":[{"embeddable":true,"href":"https:\/\/business.explorit.ch\/de\/wp-json\/wp\/v2\/comments?post=2778"}],"version-history":[{"count":4,"href":"https:\/\/business.explorit.ch\/de\/wp-json\/wp\/v2\/pages\/2778\/revisions"}],"predecessor-version":[{"id":3073,"href":"https:\/\/business.explorit.ch\/de\/wp-json\/wp\/v2\/pages\/2778\/revisions\/3073"}],"wp:attachment":[{"href":"https:\/\/business.explorit.ch\/de\/wp-json\/wp\/v2\/media?parent=2778"}],"curies":[{"name":"wp","href":"https:\/\/api.w.org\/{rel}","templated":true}]}}